{"id":4520,"date":"2022-08-21T18:52:10","date_gmt":"2022-08-21T17:52:10","guid":{"rendered":"https:\/\/rghyr.se\/langfristige-vermietung\/"},"modified":"2022-10-02T22:17:45","modified_gmt":"2022-10-02T22:17:45","slug":"langfristige-vermietung","status":"publish","type":"page","link":"https:\/\/rghyr.se\/de\/langfristige-vermietung\/","title":{"rendered":"Langfristige Vermietung"},"content":{"rendered":"\t\t<div data-elementor-type=\"wp-post\" data-elementor-id=\"4520\" class=\"elementor elementor-4520 elementor-3505\" data-elementor-post-type=\"page\">\n\t\t\t\t\t\t<section class=\"elementor-section elementor-top-section elementor-element elementor-element-494f570a elementor-section-height-min-height elementor-section-content-middle elementor-section-boxed elementor-section-height-default elementor-section-items-middle\" data-id=\"494f570a\" data-element_type=\"section\" data-e-type=\"section\" data-settings=\"{&quot;background_background&quot;:&quot;classic&quot;}\">\n\t\t\t\t\t\t\t<div class=\"elementor-background-overlay\"><\/div>\n\t\t\t\t\t\t\t<div class=\"elementor-container elementor-column-gap-default\">\n\t\t\t\t\t<div class=\"elementor-column elementor-col-100 elementor-top-column elementor-element elementor-element-73d2afa\" data-id=\"73d2afa\" data-element_type=\"column\" data-e-type=\"column\">\n\t\t\t<div class=\"elementor-widget-wrap\">\n\t\t\t\t\t\t\t<\/div>\n\t\t<\/div>\n\t\t\t\t\t<\/div>\n\t\t<\/section>\n\t\t\t\t<section class=\"elementor-section elementor-top-section elementor-element elementor-element-438be5a1 elementor-section-boxed elementor-section-height-default elementor-section-height-default\" data-id=\"438be5a1\" data-element_type=\"section\" data-e-type=\"section\" data-settings=\"{&quot;background_background&quot;:&quot;classic&quot;}\">\n\t\t\t\t\t\t<div class=\"elementor-container elementor-column-gap-no\">\n\t\t\t\t\t<div class=\"elementor-column elementor-col-100 elementor-top-column elementor-element elementor-element-7d758eb\" data-id=\"7d758eb\" data-element_type=\"column\" data-e-type=\"column\">\n\t\t\t<div class=\"elementor-widget-wrap elementor-element-populated\">\n\t\t\t\t\t\t<section class=\"elementor-section elementor-inner-section elementor-element elementor-element-8cb8660 elementor-section-content-middle elementor-section-boxed elementor-section-height-default elementor-section-height-default\" data-id=\"8cb8660\" data-element_type=\"section\" data-e-type=\"section\">\n\t\t\t\t\t\t<div class=\"elementor-container elementor-column-gap-default\">\n\t\t\t\t\t<div class=\"elementor-column elementor-col-100 elementor-inner-column elementor-element elementor-element-165d7335\" data-id=\"165d7335\" data-element_type=\"column\" data-e-type=\"column\">\n\t\t\t<div class=\"elementor-widget-wrap elementor-element-populated\">\n\t\t\t\t\t\t<div class=\"elementor-element elementor-element-6b73202e elementor-invisible elementor-widget elementor-widget-heading\" data-id=\"6b73202e\" data-element_type=\"widget\" data-e-type=\"widget\" data-settings=\"{&quot;_animation&quot;:&quot;fadeInDown&quot;}\" data-widget_type=\"heading.default\">\n\t\t\t\t<div class=\"elementor-widget-container\">\n\t\t\t\t\t<h1 class=\"elementor-heading-title elementor-size-default\">Langfristige Vermietung<\/h1>\t\t\t\t<\/div>\n\t\t\t\t<\/div>\n\t\t\t\t<div class=\"elementor-element elementor-element-f0db8a8 elementor-invisible elementor-widget elementor-widget-text-editor\" data-id=\"f0db8a8\" data-element_type=\"widget\" data-e-type=\"widget\" data-settings=\"{&quot;_animation&quot;:&quot;fadeInUp&quot;,&quot;_animation_delay&quot;:200}\" data-widget_type=\"text-editor.default\">\n\t\t\t\t<div class=\"elementor-widget-container\">\n\t\t\t\t\t\t\t\t\t<p>Mieten ist die moderne Alternative zum Kaufen!<\/p>\n\t\t\t\t\t\t\t\t<\/div>\n\t\t\t\t<\/div>\n\t\t\t\t<div class=\"elementor-element elementor-element-7fbe097b elementor-widget elementor-widget-image\" data-id=\"7fbe097b\" data-element_type=\"widget\" data-e-type=\"widget\" data-widget_type=\"image.default\">\n\t\t\t\t<div class=\"elementor-widget-container\">\n\t\t\t\t\t\t\t\t\t\t\t\t\t\t\t<img decoding=\"async\" width=\"200\" height=\"35\" src=\"https:\/\/rghyr.se\/wp-content\/uploads\/2020\/11\/divider-free-img-red.png\" class=\"attachment-full size-full wp-image-4057\" alt=\"R\u00f6d avdelare\" \/>\t\t\t\t\t\t\t\t\t\t\t\t\t\t\t<\/div>\n\t\t\t\t<\/div>\n\t\t\t\t\t<\/div>\n\t\t<\/div>\n\t\t\t\t\t<\/div>\n\t\t<\/section>\n\t\t\t\t<section class=\"elementor-section elementor-inner-section elementor-element elementor-element-7e55d807 elementor-section-content-middle elementor-section-boxed elementor-section-height-default elementor-section-height-default\" data-id=\"7e55d807\" data-element_type=\"section\" data-e-type=\"section\">\n\t\t\t\t\t\t<div class=\"elementor-container elementor-column-gap-default\">\n\t\t\t\t\t<div class=\"elementor-column elementor-col-100 elementor-inner-column elementor-element elementor-element-3a11dd99\" data-id=\"3a11dd99\" data-element_type=\"column\" data-e-type=\"column\">\n\t\t\t<div class=\"elementor-widget-wrap elementor-element-populated\">\n\t\t\t\t\t\t<div class=\"elementor-element elementor-element-4ec992ac elementor-widget elementor-widget-text-editor\" data-id=\"4ec992ac\" data-element_type=\"widget\" data-e-type=\"widget\" data-widget_type=\"text-editor.default\">\n\t\t\t\t<div class=\"elementor-widget-container\">\n\t\t\t\t\t\t\t\t\t<p><strong>Die Transportbranche entwickelt sich st\u00e4ndig weiter. Als au\u00dfenstehende Beobachter verfolgen wir die Ver\u00e4nderung der Trends sehr genau.<br \/><\/strong>Langfristiges Vermieten wird immer \u00fcblicher, insbesondere aufgrund k\u00fcrzerer Eins\u00e4tze und der Ungewissheit, ob ein Auftrag \u00fcberhaupt zustande kommt. Dar\u00fcber hinaus sind die Vorlaufzeiten k\u00fcrzer geworden, d.\u00a0h. die Zeit von der Entscheidung \u00fcber die Auftragsannahme bis zum Beginn der Auftragsdurchf\u00fchrung durch den Anbieter. Angesichts zahlreicher aktueller Lieferprobleme und langer Lieferzeiten ist eine langfristige Mietl\u00f6sung eine ausgezeichnete Alternative.<\/p>\n<p><strong>Operatives Leasing oder Mieten?<\/strong><br \/>Diese verschiedenen Formen sind eng miteinander verwandt, sollten aber nicht verwechselt werden. Der Hauptunterschied besteht darin, dass bei der reinen Vermietung eine Partei weniger beteiligt ist, da es keine Finanzierungsgesellschaft gibt. Das macht es f\u00fcr Sie als Mieter einfacher, aus dem Mietvertrag auszusteigen oder das Fahrzeug zu wechseln, was bei operativem Leasing wesentlich schwieriger (und teurer) ist.<\/p>\n<p><strong>Wir sind es gewohnt, langfristige Mietkontakte zu pflegen und langfristige Mietl\u00f6sungen den Bed\u00fcrfnissen unserer Kunden anzupassen.<\/strong><\/p>\n<p><a href=\"https:\/\/rghyr.se\/kontakta-oss\/\" target=\"_blank\" rel=\"noopener\">Klicken Sie hier, um weitere Informationen zu erhalten!<\/a><\/p>\n\t\t\t\t\t\t\t\t<\/div>\n\t\t\t\t<\/div>\n\t\t\t\t\t<\/div>\n\t\t<\/div>\n\t\t\t\t\t<\/div>\n\t\t<\/section>\n\t\t\t\t<div class=\"elementor-element elementor-element-98c1ce1 elementor-widget-divider--view-line elementor-widget elementor-widget-divider\" data-id=\"98c1ce1\" data-element_type=\"widget\" data-e-type=\"widget\" data-widget_type=\"divider.default\">\n\t\t\t\t<div class=\"elementor-widget-container\">\n\t\t\t\t\t\t\t<div class=\"elementor-divider\">\n\t\t\t<span class=\"elementor-divider-separator\">\n\t\t\t\t\t\t<\/span>\n\t\t<\/div>\n\t\t\t\t\t\t<\/div>\n\t\t\t\t<\/div>\n\t\t\t\t<div class=\"elementor-element elementor-element-f79dec1 elementor-invisible elementor-widget elementor-widget-heading\" data-id=\"f79dec1\" data-element_type=\"widget\" data-e-type=\"widget\" data-settings=\"{&quot;_animation&quot;:&quot;bounceInLeft&quot;}\" data-widget_type=\"heading.default\">\n\t\t\t\t<div class=\"elementor-widget-container\">\n\t\t\t\t\t<h1 class=\"elementor-heading-title elementor-size-default\">Vorteile einer langfristigen Miete Ihres Fahrzeugs<\/h1>\t\t\t\t<\/div>\n\t\t\t\t<\/div>\n\t\t\t\t<div class=\"elementor-element elementor-element-f8fcf53 elementor-widget elementor-widget-image\" data-id=\"f8fcf53\" data-element_type=\"widget\" data-e-type=\"widget\" data-widget_type=\"image.default\">\n\t\t\t\t<div class=\"elementor-widget-container\">\n\t\t\t\t\t\t\t\t\t\t\t\t\t\t\t<img decoding=\"async\" width=\"200\" height=\"35\" src=\"https:\/\/rghyr.se\/wp-content\/uploads\/2020\/11\/divider-free-img-red.png\" class=\"attachment-full size-full wp-image-4057\" alt=\"R\u00f6d avdelare\" \/>\t\t\t\t\t\t\t\t\t\t\t\t\t\t\t<\/div>\n\t\t\t\t<\/div>\n\t\t\t\t<section class=\"elementor-section elementor-inner-section elementor-element elementor-element-498a50a elementor-section-boxed elementor-section-height-default elementor-section-height-default\" data-id=\"498a50a\" data-element_type=\"section\" data-e-type=\"section\">\n\t\t\t\t\t\t<div class=\"elementor-container elementor-column-gap-default\">\n\t\t\t\t\t<div class=\"elementor-column elementor-col-100 elementor-inner-column elementor-element elementor-element-539fb6e\" data-id=\"539fb6e\" data-element_type=\"column\" data-e-type=\"column\">\n\t\t\t<div class=\"elementor-widget-wrap elementor-element-populated\">\n\t\t\t\t\t\t<div class=\"elementor-element elementor-element-adf16bc elementor-align-start elementor-icon-list--layout-traditional elementor-list-item-link-full_width elementor-invisible elementor-widget elementor-widget-icon-list\" data-id=\"adf16bc\" data-element_type=\"widget\" data-e-type=\"widget\" data-settings=\"{&quot;_animation&quot;:&quot;bounceInLeft&quot;}\" data-widget_type=\"icon-list.default\">\n\t\t\t\t<div class=\"elementor-widget-container\">\n\t\t\t\t\t\t\t<ul class=\"elementor-icon-list-items\">\n\t\t\t\t\t\t\t<li class=\"elementor-icon-list-item\">\n\t\t\t\t\t\t\t\t\t\t\t<span class=\"elementor-icon-list-icon\">\n\t\t\t\t\t\t\t<i aria-hidden=\"true\" class=\"fas fa-check-circle\"><\/i>\t\t\t\t\t\t<\/span>\n\t\t\t\t\t\t\t\t\t\t<span class=\"elementor-icon-list-text\">Bestellen Sie Ihr Fahrzeug mit der von Ihnen gew\u00fcnschten Ausstattung. Wir arbeiten marken\u00fcbergreifend mit mehreren gro\u00dfen H\u00e4ndlern zusammen.<\/span>\n\t\t\t\t\t\t\t\t\t<\/li>\n\t\t\t\t\t\t\t\t<li class=\"elementor-icon-list-item\">\n\t\t\t\t\t\t\t\t\t\t\t<span class=\"elementor-icon-list-icon\">\n\t\t\t\t\t\t\t<i aria-hidden=\"true\" class=\"fas fa-check-circle\"><\/i>\t\t\t\t\t\t<\/span>\n\t\t\t\t\t\t\t\t\t\t<span class=\"elementor-icon-list-text\">Sie als Fahrer\/Transporteur binden kein Kapital in Ihre Fahrzeuge.<\/span>\n\t\t\t\t\t\t\t\t\t<\/li>\n\t\t\t\t\t\t\t\t<li class=\"elementor-icon-list-item\">\n\t\t\t\t\t\t\t\t\t\t\t<span class=\"elementor-icon-list-icon\">\n\t\t\t\t\t\t\t<i aria-hidden=\"true\" class=\"fas fa-check-circle\"><\/i>\t\t\t\t\t\t<\/span>\n\t\t\t\t\t\t\t\t\t\t<span class=\"elementor-icon-list-text\">F\u00fcr den Einstieg ist es f\u00fcr Sie nicht erforderlich, gro\u00dfe Geldbetr\u00e4ge zu investieren.<\/span>\n\t\t\t\t\t\t\t\t\t<\/li>\n\t\t\t\t\t\t\t\t<li class=\"elementor-icon-list-item\">\n\t\t\t\t\t\t\t\t\t\t\t<span class=\"elementor-icon-list-icon\">\n\t\t\t\t\t\t\t<i aria-hidden=\"true\" class=\"fas fa-check-circle\"><\/i>\t\t\t\t\t\t<\/span>\n\t\t\t\t\t\t\t\t\t\t<span class=\"elementor-icon-list-text\">Sie haben Ihre Kosten fest im Blick und vermeiden unangenehme \u00dcberraschungen, da Sie genau wissen, was die Miete Ihres Fahrzeugs jeden Monat kostet.<\/span>\n\t\t\t\t\t\t\t\t\t<\/li>\n\t\t\t\t\t\t\t\t<li class=\"elementor-icon-list-item\">\n\t\t\t\t\t\t\t\t\t\t\t<span class=\"elementor-icon-list-icon\">\n\t\t\t\t\t\t\t<i aria-hidden=\"true\" class=\"fas fa-check-circle\"><\/i>\t\t\t\t\t\t<\/span>\n\t\t\t\t\t\t\t\t\t\t<span class=\"elementor-icon-list-text\">Sollte sich Ihr Auftrag w\u00e4hrend des Mietzeitraums \u00e4ndern, haben Sie die M\u00f6glichkeit, aus dem Mietvertrag auszusteigen oder das Fahrzeug zu wechseln.<\/span>\n\t\t\t\t\t\t\t\t\t<\/li>\n\t\t\t\t\t\t\t\t<li class=\"elementor-icon-list-item\">\n\t\t\t\t\t\t\t\t\t\t\t<span class=\"elementor-icon-list-icon\">\n\t\t\t\t\t\t\t<i aria-hidden=\"true\" class=\"fas fa-check-circle\"><\/i>\t\t\t\t\t\t<\/span>\n\t\t\t\t\t\t\t\t\t\t<span class=\"elementor-icon-list-text\">In vielen F\u00e4llen besteht die M\u00f6glichkeit, Ihr Fahrzeug nach Ablauf der Mietzeit abzukaufen,<\/span>\n\t\t\t\t\t\t\t\t\t<\/li>\n\t\t\t\t\t\t\t\t<li class=\"elementor-icon-list-item\">\n\t\t\t\t\t\t\t\t\t\t\t<span class=\"elementor-icon-list-icon\">\n\t\t\t\t\t\t\t<i aria-hidden=\"true\" class=\"fas fa-check-circle\"><\/i>\t\t\t\t\t\t<\/span>\n\t\t\t\t\t\t\t\t\t\t<span class=\"elementor-icon-list-text\">die M\u00f6glichkeit, sich mit dem Bordsystem des Fahrzeugs zu verbinden, um Fahrtenschreiberdaten zu l\u00f6schen, Kraftstoffdaten einzugeben usw.,<\/span>\n\t\t\t\t\t\t\t\t\t<\/li>\n\t\t\t\t\t\t\t\t<li class=\"elementor-icon-list-item\">\n\t\t\t\t\t\t\t\t\t\t\t<span class=\"elementor-icon-list-icon\">\n\t\t\t\t\t\t\t<i aria-hidden=\"true\" class=\"fas fa-check-circle\"><\/i>\t\t\t\t\t\t<\/span>\n\t\t\t\t\t\t\t\t\t\t<span class=\"elementor-icon-list-text\">sowie die M\u00f6glichkeit, das Fahrzeug so auszustatten, als ob es Ihr eigenes w\u00e4re.<\/span>\n\t\t\t\t\t\t\t\t\t<\/li>\n\t\t\t\t\t\t<\/ul>\n\t\t\t\t\t\t<\/div>\n\t\t\t\t<\/div>\n\t\t\t\t\t<\/div>\n\t\t<\/div>\n\t\t\t\t\t<\/div>\n\t\t<\/section>\n\t\t\t\t\t<\/div>\n\t\t<\/div>\n\t\t\t\t\t<\/div>\n\t\t<\/section>\n\t\t\t\t<\/div>\n\t\t","protected":false},"excerpt":{"rendered":"<p>Langfristige Vermietung Mieten ist die moderne Alternative zum Kaufen! Die Transportbranche entwickelt sich st\u00e4ndig weiter. Als au\u00dfenstehende Beobachter verfolgen wir die Ver\u00e4nderung der Trends sehr genau.Langfristiges Vermieten wird immer \u00fcblicher, insbesondere aufgrund k\u00fcrzerer Eins\u00e4tze und der Ungewissheit, ob ein Auftrag \u00fcberhaupt zustande kommt. Dar\u00fcber hinaus sind die Vorlaufzeiten k\u00fcrzer geworden, d.\u00a0h. die Zeit von der [&hellip;]<\/p>\n","protected":false},"author":1,"featured_media":0,"parent":0,"menu_order":2,"comment_status":"closed","ping_status":"closed","template":"","meta":{"site-sidebar-layout":"no-sidebar","site-content-layout":"page-builder","ast-site-content-layout":"full-width-container","site-content-style":"unboxed","site-sidebar-style":"unboxed","ast-global-header-display":"","ast-banner-title-visibility":"","ast-main-header-display":"","ast-hfb-above-header-display":"","ast-hfb-below-header-display":"","ast-hfb-mobile-header-display":"","site-post-title":"disabled","ast-breadcrumbs-content":"","ast-featured-img":"disabled","footer-sml-layout":"","theme-transparent-header-meta":"","adv-header-id-meta":"","stick-header-meta":"","header-above-stick-meta":"","header-main-stick-meta":"","header-below-stick-meta":"","astra-migrate-meta-layouts":"default","ast-page-background-enabled":"default","ast-page-background-meta":{"desktop":{"background-color":"","background-image":"","background-repeat":"repeat","background-position":"center center","background-size":"auto","background-attachment":"scroll","background-type":"","background-media":"","overlay-type":"","overlay-color":"","overlay-opacity":"","overlay-gradient":""},"tablet":{"background-color":"","background-image":"","background-repeat":"repeat","background-position":"center center","background-size":"auto","background-attachment":"scroll","background-type":"","background-media":"","overlay-type":"","overlay-color":"","overlay-opacity":"","overlay-gradient":""},"mobile":{"background-color":"","background-image":"","background-repeat":"repeat","background-position":"center center","background-size":"auto","background-attachment":"scroll","background-type":"","background-media":"","overlay-type":"","overlay-color":"","overlay-opacity":"","overlay-gradient":""}},"ast-content-background-meta":{"desktop":{"background-color":"var(--ast-global-color-5)","background-image":"","background-repeat":"repeat","background-position":"center center","background-size":"auto","background-attachment":"scroll","background-type":"","background-media":"","overlay-type":"","overlay-color":"","overlay-opacity":"","overlay-gradient":""},"tablet":{"background-color":"var(--ast-global-color-5)","background-image":"","background-repeat":"repeat","background-position":"center center","background-size":"auto","background-attachment":"scroll","background-type":"","background-media":"","overlay-type":"","overlay-color":"","overlay-opacity":"","overlay-gradient":""},"mobile":{"background-color":"var(--ast-global-color-5)","background-image":"","background-repeat":"repeat","background-position":"center center","background-size":"auto","background-attachment":"scroll","background-type":"","background-media":"","overlay-type":"","overlay-color":"","overlay-opacity":"","overlay-gradient":""}},"footnotes":""},"class_list":["post-4520","page","type-page","status-publish","hentry"],"yoast_head":"<!-- This site is optimized with the Yoast SEO plugin v27.4 - https:\/\/yoast.com\/product\/yoast-seo-wordpress\/ -->\n<title>Langfristige Vermietung - RG Hyr - Sveriges bredaste utbud av hyrfordon<\/title>\n<meta name=\"robots\" content=\"index, follow, max-snippet:-1, max-image-preview:large, max-video-preview:-1\" \/>\n<link rel=\"canonical\" href=\"https:\/\/rghyr.se\/de\/langfristige-vermietung\/\" \/>\n<meta property=\"og:locale\" content=\"de_DE\" \/>\n<meta property=\"og:type\" content=\"article\" \/>\n<meta property=\"og:title\" content=\"Langfristige Vermietung - RG Hyr - Sveriges bredaste utbud av hyrfordon\" \/>\n<meta property=\"og:description\" content=\"Langfristige Vermietung Mieten ist die moderne Alternative zum Kaufen! Die Transportbranche entwickelt sich st\u00e4ndig weiter. Als au\u00dfenstehende Beobachter verfolgen wir die Ver\u00e4nderung der Trends sehr genau.Langfristiges Vermieten wird immer \u00fcblicher, insbesondere aufgrund k\u00fcrzerer Eins\u00e4tze und der Ungewissheit, ob ein Auftrag \u00fcberhaupt zustande kommt. Dar\u00fcber hinaus sind die Vorlaufzeiten k\u00fcrzer geworden, d.\u00a0h. die Zeit von der [&hellip;]\" \/>\n<meta property=\"og:url\" content=\"https:\/\/rghyr.se\/de\/langfristige-vermietung\/\" \/>\n<meta property=\"og:site_name\" content=\"RG Hyr - Sveriges bredaste utbud av hyrfordon\" \/>\n<meta property=\"article:publisher\" content=\"https:\/\/www.facebook.com\/rghyr.se\" \/>\n<meta property=\"article:modified_time\" content=\"2022-10-02T22:17:45+00:00\" \/>\n<meta property=\"og:image\" content=\"https:\/\/rghyr.se\/wp-content\/uploads\/2020\/11\/divider-free-img-red.png\" \/>\n<meta name=\"twitter:card\" content=\"summary_large_image\" \/>\n<meta name=\"twitter:label1\" content=\"Est. reading time\" \/>\n\t<meta name=\"twitter:data1\" content=\"2 minutes\" \/>\n<script type=\"application\/ld+json\" class=\"yoast-schema-graph\">{\"@context\":\"https:\\\/\\\/schema.org\",\"@graph\":[{\"@type\":\"WebPage\",\"@id\":\"https:\\\/\\\/rghyr.se\\\/de\\\/langfristige-vermietung\\\/\",\"url\":\"https:\\\/\\\/rghyr.se\\\/de\\\/langfristige-vermietung\\\/\",\"name\":\"Langfristige Vermietung - RG Hyr - Sveriges bredaste utbud av hyrfordon\",\"isPartOf\":{\"@id\":\"https:\\\/\\\/rghyr.se\\\/#website\"},\"primaryImageOfPage\":{\"@id\":\"https:\\\/\\\/rghyr.se\\\/de\\\/langfristige-vermietung\\\/#primaryimage\"},\"image\":{\"@id\":\"https:\\\/\\\/rghyr.se\\\/de\\\/langfristige-vermietung\\\/#primaryimage\"},\"thumbnailUrl\":\"https:\\\/\\\/rghyr.se\\\/wp-content\\\/uploads\\\/2020\\\/11\\\/divider-free-img-red.png\",\"datePublished\":\"2022-08-21T17:52:10+00:00\",\"dateModified\":\"2022-10-02T22:17:45+00:00\",\"breadcrumb\":{\"@id\":\"https:\\\/\\\/rghyr.se\\\/de\\\/langfristige-vermietung\\\/#breadcrumb\"},\"inLanguage\":\"de-DE\",\"potentialAction\":[{\"@type\":\"ReadAction\",\"target\":[\"https:\\\/\\\/rghyr.se\\\/de\\\/langfristige-vermietung\\\/\"]}]},{\"@type\":\"ImageObject\",\"inLanguage\":\"de-DE\",\"@id\":\"https:\\\/\\\/rghyr.se\\\/de\\\/langfristige-vermietung\\\/#primaryimage\",\"url\":\"https:\\\/\\\/rghyr.se\\\/wp-content\\\/uploads\\\/2020\\\/11\\\/divider-free-img-red.png\",\"contentUrl\":\"https:\\\/\\\/rghyr.se\\\/wp-content\\\/uploads\\\/2020\\\/11\\\/divider-free-img-red.png\"},{\"@type\":\"BreadcrumbList\",\"@id\":\"https:\\\/\\\/rghyr.se\\\/de\\\/langfristige-vermietung\\\/#breadcrumb\",\"itemListElement\":[{\"@type\":\"ListItem\",\"position\":1,\"name\":\"Hem\",\"item\":\"https:\\\/\\\/rghyr.se\\\/de\\\/\"},{\"@type\":\"ListItem\",\"position\":2,\"name\":\"Langfristige Vermietung\"}]},{\"@type\":\"WebSite\",\"@id\":\"https:\\\/\\\/rghyr.se\\\/#website\",\"url\":\"https:\\\/\\\/rghyr.se\\\/\",\"name\":\"RG Hyr\",\"description\":\"Din p\u00e5litliga partner f\u00f6r att hyra lastbil!\",\"publisher\":{\"@id\":\"https:\\\/\\\/rghyr.se\\\/#organization\"},\"potentialAction\":[{\"@type\":\"SearchAction\",\"target\":{\"@type\":\"EntryPoint\",\"urlTemplate\":\"https:\\\/\\\/rghyr.se\\\/?s={search_term_string}\"},\"query-input\":{\"@type\":\"PropertyValueSpecification\",\"valueRequired\":true,\"valueName\":\"search_term_string\"}}],\"inLanguage\":\"de-DE\"},{\"@type\":\"Organization\",\"@id\":\"https:\\\/\\\/rghyr.se\\\/#organization\",\"name\":\"RG Hyr\",\"url\":\"https:\\\/\\\/rghyr.se\\\/\",\"logo\":{\"@type\":\"ImageObject\",\"inLanguage\":\"de-DE\",\"@id\":\"https:\\\/\\\/rghyr.se\\\/#\\\/schema\\\/logo\\\/image\\\/\",\"url\":\"https:\\\/\\\/rghyr.se\\\/wp-content\\\/uploads\\\/2020\\\/12\\\/rghyrhemsidalogo.png\",\"contentUrl\":\"https:\\\/\\\/rghyr.se\\\/wp-content\\\/uploads\\\/2020\\\/12\\\/rghyrhemsidalogo.png\",\"width\":197,\"height\":60,\"caption\":\"RG Hyr\"},\"image\":{\"@id\":\"https:\\\/\\\/rghyr.se\\\/#\\\/schema\\\/logo\\\/image\\\/\"},\"sameAs\":[\"https:\\\/\\\/www.facebook.com\\\/rghyr.se\",\"https:\\\/\\\/www.instagram.com\\\/rghyr.se\\\/\",\"https:\\\/\\\/www.linkedin.com\\\/company\\\/rghyr\\\/\"]}]}<\/script>\n<!-- \/ Yoast SEO plugin. -->","yoast_head_json":{"title":"Langfristige Vermietung - RG Hyr - Sveriges bredaste utbud av hyrfordon","robots":{"index":"index","follow":"follow","max-snippet":"max-snippet:-1","max-image-preview":"max-image-preview:large","max-video-preview":"max-video-preview:-1"},"canonical":"https:\/\/rghyr.se\/de\/langfristige-vermietung\/","og_locale":"de_DE","og_type":"article","og_title":"Langfristige Vermietung - RG Hyr - Sveriges bredaste utbud av hyrfordon","og_description":"Langfristige Vermietung Mieten ist die moderne Alternative zum Kaufen! Die Transportbranche entwickelt sich st\u00e4ndig weiter. Als au\u00dfenstehende Beobachter verfolgen wir die Ver\u00e4nderung der Trends sehr genau.Langfristiges Vermieten wird immer \u00fcblicher, insbesondere aufgrund k\u00fcrzerer Eins\u00e4tze und der Ungewissheit, ob ein Auftrag \u00fcberhaupt zustande kommt. Dar\u00fcber hinaus sind die Vorlaufzeiten k\u00fcrzer geworden, d.\u00a0h. die Zeit von der [&hellip;]","og_url":"https:\/\/rghyr.se\/de\/langfristige-vermietung\/","og_site_name":"RG Hyr - Sveriges bredaste utbud av hyrfordon","article_publisher":"https:\/\/www.facebook.com\/rghyr.se","article_modified_time":"2022-10-02T22:17:45+00:00","og_image":[{"url":"https:\/\/rghyr.se\/wp-content\/uploads\/2020\/11\/divider-free-img-red.png","type":"","width":"","height":""}],"twitter_card":"summary_large_image","twitter_misc":{"Est. reading time":"2 minutes"},"schema":{"@context":"https:\/\/schema.org","@graph":[{"@type":"WebPage","@id":"https:\/\/rghyr.se\/de\/langfristige-vermietung\/","url":"https:\/\/rghyr.se\/de\/langfristige-vermietung\/","name":"Langfristige Vermietung - RG Hyr - Sveriges bredaste utbud av hyrfordon","isPartOf":{"@id":"https:\/\/rghyr.se\/#website"},"primaryImageOfPage":{"@id":"https:\/\/rghyr.se\/de\/langfristige-vermietung\/#primaryimage"},"image":{"@id":"https:\/\/rghyr.se\/de\/langfristige-vermietung\/#primaryimage"},"thumbnailUrl":"https:\/\/rghyr.se\/wp-content\/uploads\/2020\/11\/divider-free-img-red.png","datePublished":"2022-08-21T17:52:10+00:00","dateModified":"2022-10-02T22:17:45+00:00","breadcrumb":{"@id":"https:\/\/rghyr.se\/de\/langfristige-vermietung\/#breadcrumb"},"inLanguage":"de-DE","potentialAction":[{"@type":"ReadAction","target":["https:\/\/rghyr.se\/de\/langfristige-vermietung\/"]}]},{"@type":"ImageObject","inLanguage":"de-DE","@id":"https:\/\/rghyr.se\/de\/langfristige-vermietung\/#primaryimage","url":"https:\/\/rghyr.se\/wp-content\/uploads\/2020\/11\/divider-free-img-red.png","contentUrl":"https:\/\/rghyr.se\/wp-content\/uploads\/2020\/11\/divider-free-img-red.png"},{"@type":"BreadcrumbList","@id":"https:\/\/rghyr.se\/de\/langfristige-vermietung\/#breadcrumb","itemListElement":[{"@type":"ListItem","position":1,"name":"Hem","item":"https:\/\/rghyr.se\/de\/"},{"@type":"ListItem","position":2,"name":"Langfristige Vermietung"}]},{"@type":"WebSite","@id":"https:\/\/rghyr.se\/#website","url":"https:\/\/rghyr.se\/","name":"RG Hyr","description":"Din p\u00e5litliga partner f\u00f6r att hyra lastbil!","publisher":{"@id":"https:\/\/rghyr.se\/#organization"},"potentialAction":[{"@type":"SearchAction","target":{"@type":"EntryPoint","urlTemplate":"https:\/\/rghyr.se\/?s={search_term_string}"},"query-input":{"@type":"PropertyValueSpecification","valueRequired":true,"valueName":"search_term_string"}}],"inLanguage":"de-DE"},{"@type":"Organization","@id":"https:\/\/rghyr.se\/#organization","name":"RG Hyr","url":"https:\/\/rghyr.se\/","logo":{"@type":"ImageObject","inLanguage":"de-DE","@id":"https:\/\/rghyr.se\/#\/schema\/logo\/image\/","url":"https:\/\/rghyr.se\/wp-content\/uploads\/2020\/12\/rghyrhemsidalogo.png","contentUrl":"https:\/\/rghyr.se\/wp-content\/uploads\/2020\/12\/rghyrhemsidalogo.png","width":197,"height":60,"caption":"RG Hyr"},"image":{"@id":"https:\/\/rghyr.se\/#\/schema\/logo\/image\/"},"sameAs":["https:\/\/www.facebook.com\/rghyr.se","https:\/\/www.instagram.com\/rghyr.se\/","https:\/\/www.linkedin.com\/company\/rghyr\/"]}]}},"_links":{"self":[{"href":"https:\/\/rghyr.se\/de\/wp-json\/wp\/v2\/pages\/4520","targetHints":{"allow":["GET"]}}],"collection":[{"href":"https:\/\/rghyr.se\/de\/wp-json\/wp\/v2\/pages"}],"about":[{"href":"https:\/\/rghyr.se\/de\/wp-json\/wp\/v2\/types\/page"}],"author":[{"embeddable":true,"href":"https:\/\/rghyr.se\/de\/wp-json\/wp\/v2\/users\/1"}],"replies":[{"embeddable":true,"href":"https:\/\/rghyr.se\/de\/wp-json\/wp\/v2\/comments?post=4520"}],"version-history":[{"count":1,"href":"https:\/\/rghyr.se\/de\/wp-json\/wp\/v2\/pages\/4520\/revisions"}],"predecessor-version":[{"id":4521,"href":"https:\/\/rghyr.se\/de\/wp-json\/wp\/v2\/pages\/4520\/revisions\/4521"}],"wp:attachment":[{"href":"https:\/\/rghyr.se\/de\/wp-json\/wp\/v2\/media?parent=4520"}],"curies":[{"name":"wp","href":"https:\/\/api.w.org\/{rel}","templated":true}]}}