{"id":4522,"date":"2022-08-21T18:26:29","date_gmt":"2022-08-21T17:26:29","guid":{"rendered":"https:\/\/rghyr.se\/fahrschulfahrzeug\/"},"modified":"2022-10-02T22:17:51","modified_gmt":"2022-10-02T22:17:51","slug":"fahrschulfahrzeug","status":"publish","type":"page","link":"https:\/\/rghyr.se\/de\/fahrschulfahrzeug\/","title":{"rendered":"Fahrschulfahrzeug"},"content":{"rendered":"\t\t<div data-elementor-type=\"wp-post\" data-elementor-id=\"4522\" class=\"elementor elementor-4522 elementor-3499\" data-elementor-post-type=\"page\">\n\t\t\t\t\t\t<section class=\"elementor-section elementor-top-section elementor-element elementor-element-3c1849c2 elementor-section-height-min-height elementor-section-content-middle elementor-section-boxed elementor-section-height-default elementor-section-items-middle\" data-id=\"3c1849c2\" data-element_type=\"section\" data-e-type=\"section\" data-settings=\"{&quot;background_background&quot;:&quot;classic&quot;}\">\n\t\t\t\t\t\t\t<div class=\"elementor-background-overlay\"><\/div>\n\t\t\t\t\t\t\t<div class=\"elementor-container elementor-column-gap-extended\">\n\t\t\t\t\t<div class=\"elementor-column elementor-col-16 elementor-top-column elementor-element elementor-element-1b8fef79\" data-id=\"1b8fef79\" data-element_type=\"column\" data-e-type=\"column\">\n\t\t\t<div class=\"elementor-widget-wrap\">\n\t\t\t\t\t\t\t<\/div>\n\t\t<\/div>\n\t\t\t\t<div class=\"elementor-column elementor-col-66 elementor-top-column elementor-element elementor-element-39393098\" data-id=\"39393098\" data-element_type=\"column\" data-e-type=\"column\">\n\t\t\t<div class=\"elementor-widget-wrap\">\n\t\t\t\t\t\t\t<\/div>\n\t\t<\/div>\n\t\t\t\t<div class=\"elementor-column elementor-col-16 elementor-top-column elementor-element elementor-element-19e5d963\" data-id=\"19e5d963\" data-element_type=\"column\" data-e-type=\"column\">\n\t\t\t<div class=\"elementor-widget-wrap\">\n\t\t\t\t\t\t\t<\/div>\n\t\t<\/div>\n\t\t\t\t\t<\/div>\n\t\t<\/section>\n\t\t\t\t<section class=\"elementor-section elementor-top-section elementor-element elementor-element-6c8cfb9 elementor-section-boxed elementor-section-height-default elementor-section-height-default\" data-id=\"6c8cfb9\" data-element_type=\"section\" data-e-type=\"section\" data-settings=\"{&quot;background_background&quot;:&quot;classic&quot;}\">\n\t\t\t\t\t\t<div class=\"elementor-container elementor-column-gap-no\">\n\t\t\t\t\t<div class=\"elementor-column elementor-col-100 elementor-top-column elementor-element elementor-element-5def2807\" data-id=\"5def2807\" data-element_type=\"column\" data-e-type=\"column\">\n\t\t\t<div class=\"elementor-widget-wrap elementor-element-populated\">\n\t\t\t\t\t\t<div class=\"elementor-element elementor-element-8a0bdaa elementor-widget elementor-widget-heading\" data-id=\"8a0bdaa\" data-element_type=\"widget\" data-e-type=\"widget\" data-widget_type=\"heading.default\">\n\t\t\t\t<div class=\"elementor-widget-container\">\n\t\t\t\t\t<h2 class=\"elementor-heading-title elementor-size-default\">Fahrschulfahrzeug<\/h2>\t\t\t\t<\/div>\n\t\t\t\t<\/div>\n\t\t\t\t\t<\/div>\n\t\t<\/div>\n\t\t\t\t\t<\/div>\n\t\t<\/section>\n\t\t\t\t<section class=\"elementor-section elementor-top-section elementor-element elementor-element-2bf378e elementor-section-boxed elementor-section-height-default elementor-section-height-default\" data-id=\"2bf378e\" data-element_type=\"section\" data-e-type=\"section\" data-settings=\"{&quot;background_background&quot;:&quot;classic&quot;}\">\n\t\t\t\t\t\t<div class=\"elementor-container elementor-column-gap-no\">\n\t\t\t\t\t<div class=\"elementor-column elementor-col-100 elementor-top-column elementor-element elementor-element-4391c1f\" data-id=\"4391c1f\" data-element_type=\"column\" data-e-type=\"column\">\n\t\t\t<div class=\"elementor-widget-wrap elementor-element-populated\">\n\t\t\t\t\t\t<div class=\"elementor-element elementor-element-be99dd4 elementor-widget elementor-widget-text-editor\" data-id=\"be99dd4\" data-element_type=\"widget\" data-e-type=\"widget\" data-widget_type=\"text-editor.default\">\n\t\t\t\t<div class=\"elementor-widget-container\">\n\t\t\t\t\t\t\t\t\t<p><strong>Neben reinen Transportfahrzeugen haben wir uns auch auf Fahrschulfahrzeuge (sowohl Autos als auch Anh\u00e4nger) f\u00fcr Fahrschulen spezialisiert.<br><\/strong><\/p>\n<p>Diese Fahrzeuge wurden so umgebaut, dass sie den Anforderungen der heutigen Fahrschulen entsprechen.\u00a0<span style=\"font-size: 14px; font-style: normal; font-weight: 400; font-family: var( --e-global-typography-f2b6c5d-font-family ), Sans-serif; letter-spacing: var( --e-global-typography-f2b6c5d-letter-spacing ); word-spacing: var( --e-global-typography-f2b6c5d-word-spacing );\">Die Fahrzeuge werden gemeinsam mit dem Kunden an dessen Bed\u00fcrfnisse angepasst\u00a0<\/span><span style=\"font-size: 14px; font-family: var( --e-global-typography-f2b6c5d-font-family ), Sans-serif; letter-spacing: var( --e-global-typography-f2b6c5d-letter-spacing ); word-spacing: var( --e-global-typography-f2b6c5d-word-spacing );\">Dazu geh\u00f6ren beispielsweise Doppellenkung, zus\u00e4tzliche Fahrgastsitze, Werbung an den Seiten, die M\u00f6glichkeit, die Fahrzeuge mit Betonelementen zu beladen usw. Kurzum, die M\u00f6glichkeiten sind endlos.<\/span><\/p><p>Alles wurde fachgerecht nach den aktuellen Gesetzen und Vorschriften umgebaut und die Fahrzeuge sind selbstverst\u00e4ndlich als Ausbildungsfahrzeuge abgenommen und zugelassen.<\/p>\t\t\t\t\t\t\t\t<\/div>\n\t\t\t\t<\/div>\n\t\t\t\t<div class=\"elementor-element elementor-element-e2a7bbe elementor-widget__width-initial elementor--h-position-center elementor--v-position-middle elementor-arrows-position-inside elementor-pagination-position-inside elementor-widget elementor-widget-slides\" data-id=\"e2a7bbe\" data-element_type=\"widget\" data-e-type=\"widget\" data-settings=\"{&quot;navigation&quot;:&quot;both&quot;,&quot;autoplay&quot;:&quot;yes&quot;,&quot;pause_on_hover&quot;:&quot;yes&quot;,&quot;pause_on_interaction&quot;:&quot;yes&quot;,&quot;autoplay_speed&quot;:5000,&quot;infinite&quot;:&quot;yes&quot;,&quot;transition&quot;:&quot;slide&quot;,&quot;transition_speed&quot;:500}\" data-widget_type=\"slides.default\">\n\t\t\t\t<div class=\"elementor-widget-container\">\n\t\t\t\t\t\t\t\t\t<div class=\"elementor-swiper\">\n\t\t\t\t\t<div class=\"elementor-slides-wrapper elementor-main-swiper swiper\" role=\"region\" aria-roledescription=\"carousel\" aria-label=\"Slides\" dir=\"ltr\" data-animation=\"fadeInUp\">\n\t\t\t\t<div class=\"swiper-wrapper elementor-slides\">\n\t\t\t\t\t\t\t\t\t\t<div class=\"elementor-repeater-item-0db6948 swiper-slide\" role=\"group\" aria-roledescription=\"slide\"><div class=\"swiper-slide-bg\" role=\"img\" aria-label=\"Vi hyr ut k\u00f6rskolefordon. Extrastolar Scania Nextgen Rhytt\"><\/div><div class=\"swiper-slide-inner\" ><div class=\"swiper-slide-contents\"><\/div><\/div><\/div><div class=\"elementor-repeater-item-c836ab6 swiper-slide\" role=\"group\" aria-roledescription=\"slide\"><div class=\"swiper-slide-bg\" role=\"img\" aria-label=\"Vi hyr ut k\u00f6rskolefordon. Tillsatsbroms golvmonterad\"><\/div><div class=\"swiper-slide-inner\" ><div class=\"swiper-slide-contents\"><\/div><\/div><\/div>\t\t\t\t<\/div>\n\t\t\t\t\t\t\t\t\t\t\t\t\t\t\t<div class=\"elementor-swiper-button elementor-swiper-button-prev\" role=\"button\" tabindex=\"0\" aria-label=\"Previous slide\">\n\t\t\t\t\t\t\t<i aria-hidden=\"true\" class=\"eicon-chevron-left\"><\/i>\t\t\t\t\t\t<\/div>\n\t\t\t\t\t\t<div class=\"elementor-swiper-button elementor-swiper-button-next\" role=\"button\" tabindex=\"0\" aria-label=\"Next slide\">\n\t\t\t\t\t\t\t<i aria-hidden=\"true\" class=\"eicon-chevron-right\"><\/i>\t\t\t\t\t\t<\/div>\n\t\t\t\t\t\t\t\t\t\t\t\t\t\t\t\t<div class=\"swiper-pagination\"><\/div>\n\t\t\t\t\t\t\t\t\t\t\t\t<\/div>\n\t\t\t\t<\/div>\n\t\t\t\t\t\t\t\t<\/div>\n\t\t\t\t<\/div>\n\t\t\t\t<div class=\"elementor-element elementor-element-de55f5d elementor-widget elementor-widget-text-editor\" data-id=\"de55f5d\" data-element_type=\"widget\" data-e-type=\"widget\" data-widget_type=\"text-editor.default\">\n\t\t\t\t<div class=\"elementor-widget-container\">\n\t\t\t\t\t\t\t\t\t<p><strong>HINWEIS: ZURZEIT VERMIETEN WIR LEIDER KEINE FAHRZEUGE AN PRIVATPERSONEN F\u00dcR FAHRSTUNDEN UND FAHRPR\u00dcFUNGEN!<\/strong><\/p>\n<p><a href=\"https:\/\/rghyr.se\/kontakta-oss\/\" target=\"_blank\" rel=\"noopener\">Klicken Sie hier, um weitere Informationen zu erhalten!<\/a><\/p>\n\t\t\t\t\t\t\t\t<\/div>\n\t\t\t\t<\/div>\n\t\t\t\t\t<\/div>\n\t\t<\/div>\n\t\t\t\t\t<\/div>\n\t\t<\/section>\n\t\t\t\t<\/div>\n\t\t","protected":false},"excerpt":{"rendered":"<p>Fahrschulfahrzeug Neben reinen Transportfahrzeugen haben wir uns auch auf Fahrschulfahrzeuge (sowohl Autos als auch Anh\u00e4nger) f\u00fcr Fahrschulen spezialisiert. Diese Fahrzeuge wurden so umgebaut, dass sie den Anforderungen der heutigen Fahrschulen entsprechen.\u00a0Die Fahrzeuge werden gemeinsam mit dem Kunden an dessen Bed\u00fcrfnisse angepasst\u00a0Dazu geh\u00f6ren beispielsweise Doppellenkung, zus\u00e4tzliche Fahrgastsitze, Werbung an den Seiten, die M\u00f6glichkeit, die Fahrzeuge mit [&hellip;]<\/p>\n","protected":false},"author":1,"featured_media":0,"parent":0,"menu_order":4,"comment_status":"closed","ping_status":"closed","template":"","meta":{"site-sidebar-layout":"no-sidebar","site-content-layout":"page-builder","ast-site-content-layout":"full-width-container","site-content-style":"unboxed","site-sidebar-style":"unboxed","ast-global-header-display":"","ast-banner-title-visibility":"","ast-main-header-display":"","ast-hfb-above-header-display":"","ast-hfb-below-header-display":"","ast-hfb-mobile-header-display":"","site-post-title":"disabled","ast-breadcrumbs-content":"","ast-featured-img":"disabled","footer-sml-layout":"","theme-transparent-header-meta":"","adv-header-id-meta":"","stick-header-meta":"","header-above-stick-meta":"","header-main-stick-meta":"","header-below-stick-meta":"","astra-migrate-meta-layouts":"default","ast-page-background-enabled":"default","ast-page-background-meta":{"desktop":{"background-color":"","background-image":"","background-repeat":"repeat","background-position":"center center","background-size":"auto","background-attachment":"scroll","background-type":"","background-media":"","overlay-type":"","overlay-color":"","overlay-opacity":"","overlay-gradient":""},"tablet":{"background-color":"","background-image":"","background-repeat":"repeat","background-position":"center center","background-size":"auto","background-attachment":"scroll","background-type":"","background-media":"","overlay-type":"","overlay-color":"","overlay-opacity":"","overlay-gradient":""},"mobile":{"background-color":"","background-image":"","background-repeat":"repeat","background-position":"center center","background-size":"auto","background-attachment":"scroll","background-type":"","background-media":"","overlay-type":"","overlay-color":"","overlay-opacity":"","overlay-gradient":""}},"ast-content-background-meta":{"desktop":{"background-color":"var(--ast-global-color-5)","background-image":"","background-repeat":"repeat","background-position":"center center","background-size":"auto","background-attachment":"scroll","background-type":"","background-media":"","overlay-type":"","overlay-color":"","overlay-opacity":"","overlay-gradient":""},"tablet":{"background-color":"var(--ast-global-color-5)","background-image":"","background-repeat":"repeat","background-position":"center center","background-size":"auto","background-attachment":"scroll","background-type":"","background-media":"","overlay-type":"","overlay-color":"","overlay-opacity":"","overlay-gradient":""},"mobile":{"background-color":"var(--ast-global-color-5)","background-image":"","background-repeat":"repeat","background-position":"center center","background-size":"auto","background-attachment":"scroll","background-type":"","background-media":"","overlay-type":"","overlay-color":"","overlay-opacity":"","overlay-gradient":""}},"footnotes":""},"class_list":["post-4522","page","type-page","status-publish","hentry"],"yoast_head":"<!-- This site is optimized with the Yoast SEO plugin v27.4 - https:\/\/yoast.com\/product\/yoast-seo-wordpress\/ -->\n<title>Fahrschulfahrzeug - RG Hyr - Sveriges bredaste utbud av hyrfordon<\/title>\n<meta name=\"robots\" content=\"index, follow, max-snippet:-1, max-image-preview:large, max-video-preview:-1\" \/>\n<link rel=\"canonical\" href=\"https:\/\/rghyr.se\/de\/fahrschulfahrzeug\/\" \/>\n<meta property=\"og:locale\" content=\"de_DE\" \/>\n<meta property=\"og:type\" content=\"article\" \/>\n<meta property=\"og:title\" content=\"Fahrschulfahrzeug - RG Hyr - Sveriges bredaste utbud av hyrfordon\" \/>\n<meta property=\"og:description\" content=\"Fahrschulfahrzeug Neben reinen Transportfahrzeugen haben wir uns auch auf Fahrschulfahrzeuge (sowohl Autos als auch Anh\u00e4nger) f\u00fcr Fahrschulen spezialisiert. Diese Fahrzeuge wurden so umgebaut, dass sie den Anforderungen der heutigen Fahrschulen entsprechen.\u00a0Die Fahrzeuge werden gemeinsam mit dem Kunden an dessen Bed\u00fcrfnisse angepasst\u00a0Dazu geh\u00f6ren beispielsweise Doppellenkung, zus\u00e4tzliche Fahrgastsitze, Werbung an den Seiten, die M\u00f6glichkeit, die Fahrzeuge mit [&hellip;]\" \/>\n<meta property=\"og:url\" content=\"https:\/\/rghyr.se\/de\/fahrschulfahrzeug\/\" \/>\n<meta property=\"og:site_name\" content=\"RG Hyr - Sveriges bredaste utbud av hyrfordon\" \/>\n<meta property=\"article:publisher\" content=\"https:\/\/www.facebook.com\/rghyr.se\" \/>\n<meta property=\"article:modified_time\" content=\"2022-10-02T22:17:51+00:00\" \/>\n<meta name=\"twitter:card\" content=\"summary_large_image\" \/>\n<meta name=\"twitter:label1\" content=\"Est. reading time\" \/>\n\t<meta name=\"twitter:data1\" content=\"1 minute\" \/>\n<script type=\"application\/ld+json\" class=\"yoast-schema-graph\">{\"@context\":\"https:\\\/\\\/schema.org\",\"@graph\":[{\"@type\":\"WebPage\",\"@id\":\"https:\\\/\\\/rghyr.se\\\/de\\\/fahrschulfahrzeug\\\/\",\"url\":\"https:\\\/\\\/rghyr.se\\\/de\\\/fahrschulfahrzeug\\\/\",\"name\":\"Fahrschulfahrzeug - RG Hyr - Sveriges bredaste utbud av hyrfordon\",\"isPartOf\":{\"@id\":\"https:\\\/\\\/rghyr.se\\\/#website\"},\"datePublished\":\"2022-08-21T17:26:29+00:00\",\"dateModified\":\"2022-10-02T22:17:51+00:00\",\"breadcrumb\":{\"@id\":\"https:\\\/\\\/rghyr.se\\\/de\\\/fahrschulfahrzeug\\\/#breadcrumb\"},\"inLanguage\":\"de-DE\",\"potentialAction\":[{\"@type\":\"ReadAction\",\"target\":[\"https:\\\/\\\/rghyr.se\\\/de\\\/fahrschulfahrzeug\\\/\"]}]},{\"@type\":\"BreadcrumbList\",\"@id\":\"https:\\\/\\\/rghyr.se\\\/de\\\/fahrschulfahrzeug\\\/#breadcrumb\",\"itemListElement\":[{\"@type\":\"ListItem\",\"position\":1,\"name\":\"Hem\",\"item\":\"https:\\\/\\\/rghyr.se\\\/de\\\/\"},{\"@type\":\"ListItem\",\"position\":2,\"name\":\"Fahrschulfahrzeug\"}]},{\"@type\":\"WebSite\",\"@id\":\"https:\\\/\\\/rghyr.se\\\/#website\",\"url\":\"https:\\\/\\\/rghyr.se\\\/\",\"name\":\"RG Hyr\",\"description\":\"Din p\u00e5litliga partner f\u00f6r att hyra lastbil!\",\"publisher\":{\"@id\":\"https:\\\/\\\/rghyr.se\\\/#organization\"},\"potentialAction\":[{\"@type\":\"SearchAction\",\"target\":{\"@type\":\"EntryPoint\",\"urlTemplate\":\"https:\\\/\\\/rghyr.se\\\/?s={search_term_string}\"},\"query-input\":{\"@type\":\"PropertyValueSpecification\",\"valueRequired\":true,\"valueName\":\"search_term_string\"}}],\"inLanguage\":\"de-DE\"},{\"@type\":\"Organization\",\"@id\":\"https:\\\/\\\/rghyr.se\\\/#organization\",\"name\":\"RG Hyr\",\"url\":\"https:\\\/\\\/rghyr.se\\\/\",\"logo\":{\"@type\":\"ImageObject\",\"inLanguage\":\"de-DE\",\"@id\":\"https:\\\/\\\/rghyr.se\\\/#\\\/schema\\\/logo\\\/image\\\/\",\"url\":\"https:\\\/\\\/rghyr.se\\\/wp-content\\\/uploads\\\/2020\\\/12\\\/rghyrhemsidalogo.png\",\"contentUrl\":\"https:\\\/\\\/rghyr.se\\\/wp-content\\\/uploads\\\/2020\\\/12\\\/rghyrhemsidalogo.png\",\"width\":197,\"height\":60,\"caption\":\"RG Hyr\"},\"image\":{\"@id\":\"https:\\\/\\\/rghyr.se\\\/#\\\/schema\\\/logo\\\/image\\\/\"},\"sameAs\":[\"https:\\\/\\\/www.facebook.com\\\/rghyr.se\",\"https:\\\/\\\/www.instagram.com\\\/rghyr.se\\\/\",\"https:\\\/\\\/www.linkedin.com\\\/company\\\/rghyr\\\/\"]}]}<\/script>\n<!-- \/ Yoast SEO plugin. -->","yoast_head_json":{"title":"Fahrschulfahrzeug - RG Hyr - Sveriges bredaste utbud av hyrfordon","robots":{"index":"index","follow":"follow","max-snippet":"max-snippet:-1","max-image-preview":"max-image-preview:large","max-video-preview":"max-video-preview:-1"},"canonical":"https:\/\/rghyr.se\/de\/fahrschulfahrzeug\/","og_locale":"de_DE","og_type":"article","og_title":"Fahrschulfahrzeug - RG Hyr - Sveriges bredaste utbud av hyrfordon","og_description":"Fahrschulfahrzeug Neben reinen Transportfahrzeugen haben wir uns auch auf Fahrschulfahrzeuge (sowohl Autos als auch Anh\u00e4nger) f\u00fcr Fahrschulen spezialisiert. Diese Fahrzeuge wurden so umgebaut, dass sie den Anforderungen der heutigen Fahrschulen entsprechen.\u00a0Die Fahrzeuge werden gemeinsam mit dem Kunden an dessen Bed\u00fcrfnisse angepasst\u00a0Dazu geh\u00f6ren beispielsweise Doppellenkung, zus\u00e4tzliche Fahrgastsitze, Werbung an den Seiten, die M\u00f6glichkeit, die Fahrzeuge mit [&hellip;]","og_url":"https:\/\/rghyr.se\/de\/fahrschulfahrzeug\/","og_site_name":"RG Hyr - Sveriges bredaste utbud av hyrfordon","article_publisher":"https:\/\/www.facebook.com\/rghyr.se","article_modified_time":"2022-10-02T22:17:51+00:00","twitter_card":"summary_large_image","twitter_misc":{"Est. reading time":"1 minute"},"schema":{"@context":"https:\/\/schema.org","@graph":[{"@type":"WebPage","@id":"https:\/\/rghyr.se\/de\/fahrschulfahrzeug\/","url":"https:\/\/rghyr.se\/de\/fahrschulfahrzeug\/","name":"Fahrschulfahrzeug - RG Hyr - Sveriges bredaste utbud av hyrfordon","isPartOf":{"@id":"https:\/\/rghyr.se\/#website"},"datePublished":"2022-08-21T17:26:29+00:00","dateModified":"2022-10-02T22:17:51+00:00","breadcrumb":{"@id":"https:\/\/rghyr.se\/de\/fahrschulfahrzeug\/#breadcrumb"},"inLanguage":"de-DE","potentialAction":[{"@type":"ReadAction","target":["https:\/\/rghyr.se\/de\/fahrschulfahrzeug\/"]}]},{"@type":"BreadcrumbList","@id":"https:\/\/rghyr.se\/de\/fahrschulfahrzeug\/#breadcrumb","itemListElement":[{"@type":"ListItem","position":1,"name":"Hem","item":"https:\/\/rghyr.se\/de\/"},{"@type":"ListItem","position":2,"name":"Fahrschulfahrzeug"}]},{"@type":"WebSite","@id":"https:\/\/rghyr.se\/#website","url":"https:\/\/rghyr.se\/","name":"RG Hyr","description":"Din p\u00e5litliga partner f\u00f6r att hyra lastbil!","publisher":{"@id":"https:\/\/rghyr.se\/#organization"},"potentialAction":[{"@type":"SearchAction","target":{"@type":"EntryPoint","urlTemplate":"https:\/\/rghyr.se\/?s={search_term_string}"},"query-input":{"@type":"PropertyValueSpecification","valueRequired":true,"valueName":"search_term_string"}}],"inLanguage":"de-DE"},{"@type":"Organization","@id":"https:\/\/rghyr.se\/#organization","name":"RG Hyr","url":"https:\/\/rghyr.se\/","logo":{"@type":"ImageObject","inLanguage":"de-DE","@id":"https:\/\/rghyr.se\/#\/schema\/logo\/image\/","url":"https:\/\/rghyr.se\/wp-content\/uploads\/2020\/12\/rghyrhemsidalogo.png","contentUrl":"https:\/\/rghyr.se\/wp-content\/uploads\/2020\/12\/rghyrhemsidalogo.png","width":197,"height":60,"caption":"RG Hyr"},"image":{"@id":"https:\/\/rghyr.se\/#\/schema\/logo\/image\/"},"sameAs":["https:\/\/www.facebook.com\/rghyr.se","https:\/\/www.instagram.com\/rghyr.se\/","https:\/\/www.linkedin.com\/company\/rghyr\/"]}]}},"_links":{"self":[{"href":"https:\/\/rghyr.se\/de\/wp-json\/wp\/v2\/pages\/4522","targetHints":{"allow":["GET"]}}],"collection":[{"href":"https:\/\/rghyr.se\/de\/wp-json\/wp\/v2\/pages"}],"about":[{"href":"https:\/\/rghyr.se\/de\/wp-json\/wp\/v2\/types\/page"}],"author":[{"embeddable":true,"href":"https:\/\/rghyr.se\/de\/wp-json\/wp\/v2\/users\/1"}],"replies":[{"embeddable":true,"href":"https:\/\/rghyr.se\/de\/wp-json\/wp\/v2\/comments?post=4522"}],"version-history":[{"count":1,"href":"https:\/\/rghyr.se\/de\/wp-json\/wp\/v2\/pages\/4522\/revisions"}],"predecessor-version":[{"id":4523,"href":"https:\/\/rghyr.se\/de\/wp-json\/wp\/v2\/pages\/4522\/revisions\/4523"}],"wp:attachment":[{"href":"https:\/\/rghyr.se\/de\/wp-json\/wp\/v2\/media?parent=4522"}],"curies":[{"name":"wp","href":"https:\/\/api.w.org\/{rel}","templated":true}]}}