{"id":4540,"date":"2018-10-01T13:10:05","date_gmt":"2018-10-01T12:10:05","guid":{"rendered":"https:\/\/rghyr.se\/ueber-rg-hyr\/"},"modified":"2022-10-02T22:19:38","modified_gmt":"2022-10-02T22:19:38","slug":"ueber-rg-hyr","status":"publish","type":"page","link":"https:\/\/rghyr.se\/de\/ueber-rg-hyr\/","title":{"rendered":"\u00dcber RG Hyr"},"content":{"rendered":"\t\t<div data-elementor-type=\"wp-post\" data-elementor-id=\"4540\" class=\"elementor elementor-4540 elementor-11\" data-elementor-post-type=\"page\">\n\t\t\t\t\t\t<section class=\"elementor-section elementor-top-section elementor-element elementor-element-494f570a elementor-section-height-min-height elementor-section-content-middle elementor-section-boxed elementor-section-height-default elementor-section-items-middle\" data-id=\"494f570a\" data-element_type=\"section\" data-e-type=\"section\" data-settings=\"{&quot;background_background&quot;:&quot;classic&quot;}\">\n\t\t\t\t\t\t\t<div class=\"elementor-background-overlay\"><\/div>\n\t\t\t\t\t\t\t<div class=\"elementor-container elementor-column-gap-default\">\n\t\t\t\t\t<div class=\"elementor-column elementor-col-100 elementor-top-column elementor-element elementor-element-73d2afa\" data-id=\"73d2afa\" data-element_type=\"column\" data-e-type=\"column\">\n\t\t\t<div class=\"elementor-widget-wrap\">\n\t\t\t\t\t\t\t<\/div>\n\t\t<\/div>\n\t\t\t\t\t<\/div>\n\t\t<\/section>\n\t\t\t\t<section class=\"elementor-section elementor-top-section elementor-element elementor-element-438be5a1 elementor-section-boxed elementor-section-height-default elementor-section-height-default\" data-id=\"438be5a1\" data-element_type=\"section\" data-e-type=\"section\" data-settings=\"{&quot;background_background&quot;:&quot;classic&quot;}\">\n\t\t\t\t\t\t<div class=\"elementor-container elementor-column-gap-no\">\n\t\t\t\t\t<div class=\"elementor-column elementor-col-100 elementor-top-column elementor-element elementor-element-7d758eb\" data-id=\"7d758eb\" data-element_type=\"column\" data-e-type=\"column\">\n\t\t\t<div class=\"elementor-widget-wrap elementor-element-populated\">\n\t\t\t\t\t\t<section class=\"elementor-section elementor-inner-section elementor-element elementor-element-8cb8660 elementor-section-content-middle elementor-section-boxed elementor-section-height-default elementor-section-height-default\" data-id=\"8cb8660\" data-element_type=\"section\" data-e-type=\"section\">\n\t\t\t\t\t\t<div class=\"elementor-container elementor-column-gap-default\">\n\t\t\t\t\t<div class=\"elementor-column elementor-col-100 elementor-inner-column elementor-element elementor-element-165d7335\" data-id=\"165d7335\" data-element_type=\"column\" data-e-type=\"column\">\n\t\t\t<div class=\"elementor-widget-wrap elementor-element-populated\">\n\t\t\t\t\t\t<div class=\"elementor-element elementor-element-6b73202e elementor-invisible elementor-widget elementor-widget-heading\" data-id=\"6b73202e\" data-element_type=\"widget\" data-e-type=\"widget\" data-settings=\"{&quot;_animation&quot;:&quot;fadeInDown&quot;}\" data-widget_type=\"heading.default\">\n\t\t\t\t<div class=\"elementor-widget-container\">\n\t\t\t\t\t<h1 class=\"elementor-heading-title elementor-size-default\">Unsere Geschichte.<\/h1>\t\t\t\t<\/div>\n\t\t\t\t<\/div>\n\t\t\t\t<div class=\"elementor-element elementor-element-f0db8a8 elementor-invisible elementor-widget elementor-widget-text-editor\" data-id=\"f0db8a8\" data-element_type=\"widget\" data-e-type=\"widget\" data-settings=\"{&quot;_animation&quot;:&quot;fadeInUp&quot;,&quot;_animation_delay&quot;:200}\" data-widget_type=\"text-editor.default\">\n\t\t\t\t<div class=\"elementor-widget-container\">\n\t\t\t\t\t\t\t\t\t<p>RG Hyr bietet seit 2017 einzigartige L\u00f6sungen f\u00fcr die Fahrzeugvermietung an.<\/p>\n\t\t\t\t\t\t\t\t<\/div>\n\t\t\t\t<\/div>\n\t\t\t\t<div class=\"elementor-element elementor-element-7fbe097b elementor-widget elementor-widget-image\" data-id=\"7fbe097b\" data-element_type=\"widget\" data-e-type=\"widget\" data-widget_type=\"image.default\">\n\t\t\t\t<div class=\"elementor-widget-container\">\n\t\t\t\t\t\t\t\t\t\t\t\t\t\t\t<img decoding=\"async\" width=\"200\" height=\"35\" src=\"https:\/\/rghyr.se\/wp-content\/uploads\/2020\/11\/divider-free-img-red.png\" class=\"attachment-full size-full wp-image-4057\" alt=\"R\u00f6d avdelare\" \/>\t\t\t\t\t\t\t\t\t\t\t\t\t\t\t<\/div>\n\t\t\t\t<\/div>\n\t\t\t\t\t<\/div>\n\t\t<\/div>\n\t\t\t\t\t<\/div>\n\t\t<\/section>\n\t\t\t\t<section class=\"elementor-section elementor-inner-section elementor-element elementor-element-7e55d807 elementor-section-content-middle elementor-section-boxed elementor-section-height-default elementor-section-height-default\" data-id=\"7e55d807\" data-element_type=\"section\" data-e-type=\"section\">\n\t\t\t\t\t\t<div class=\"elementor-container elementor-column-gap-default\">\n\t\t\t\t\t<div class=\"elementor-column elementor-col-100 elementor-inner-column elementor-element elementor-element-3a11dd99\" data-id=\"3a11dd99\" data-element_type=\"column\" data-e-type=\"column\">\n\t\t\t<div class=\"elementor-widget-wrap elementor-element-populated\">\n\t\t\t\t\t\t<div class=\"elementor-element elementor-element-4ec992ac elementor-widget elementor-widget-text-editor\" data-id=\"4ec992ac\" data-element_type=\"widget\" data-e-type=\"widget\" data-widget_type=\"text-editor.default\">\n\t\t\t\t<div class=\"elementor-widget-container\">\n\t\t\t\t\t\t\t\t\t<p>Wir, die Betreiber von RG Hyr, sind eine Gruppe leidenschaftlicher Menschen mit einem umfassenden Hintergrund in der Welt des Transports, in der wir selbst bis 2017 als Spediteure t\u00e4tig waren.\u00a0Wir wissen daher, was der Fahrer braucht, wie die Dinge im Vorfeld ablaufen und welche Margen in der Branche vorherrschen.\u00a0Seit 2017 legen wir unser ganzes Augenmerk darauf, eine ma\u00dfgeschneiderte Fahrzeugvermietung f\u00fcr alle gro\u00dfen und kleinen Anbieter aufzubauen. Unser Motto dabei lautet: Unkomplizierte Fahrzeugvermietung, <span style=\"font-size: 14px; font-family: var( --e-global-typography-f2b6c5d-font-family ), Sans-serif; letter-spacing: var( --e-global-typography-f2b6c5d-letter-spacing );\">schnelle Informationen f\u00fcr den Kunden und faire <\/span><span style=\"font-size: 14px; font-family: var( --e-global-typography-f2b6c5d-font-family ), Sans-serif; letter-spacing: var( --e-global-typography-f2b6c5d-letter-spacing );\">Preise.<\/span><\/p>\n<p>Wir haben eine gro\u00dfe Auswahl an Fahrzeugen und k\u00f6nnen Ihnen h\u00f6chstwahrscheinlich immer helfen, da wir in der Regel Fahrzeuge zur Auslieferung vor Ort haben. Ganz gleich, wo in Schweden Sie sich befinden, wir k\u00f6nnen unsere Fahrzeuge zu einem von Ihnen gew\u00e4hlten Zeitpunkt und Ort abholen und zur\u00fcckbringen. Hatte Ihr bisheriges Fahrzeug einen Unfall, eine Panne oder fehlt Ihnen einfach die Kapazit\u00e4t f\u00fcr einen kurzzeitigen Auftrag? Rufen Sie uns 24 Stunden am Tag an, ob am Wochenende oder abends \u2013 Wir sind f\u00fcr Sie da.<\/p>\n<div>\n<div>\n<p>Seit dem 01.12.2020 sind wir auch operativ f\u00fcr MABI Truck Rental in Schweden verantwortlich. Auf den Tag genau ein Jahr sp\u00e4ter, am 1.12.2021, beschloss Bilia (ehemals Upplands Motor), sein Vermietungsgesch\u00e4ft einzustellen und sich auf sein Kerngesch\u00e4ft zu konzentrieren. Wir wurden dann mit der Aufgabe betraut, das Vermietungsgesch\u00e4ft in eigenem Namen zu f\u00fchren, und in diesem Zusammenhang haben wir unsere ersten beiden eigenen Depots in der Region Stockholm er\u00f6ffnet. Unser beider Ziel ist es, gemeinsam der st\u00e4rkste Mietwagenpartner f\u00fcr den G\u00fcterverkehr auf dem Markt zu werden!<\/p>\n<\/div>\n<\/div>\n<p>Einige von uns wissen, dass die Transportbranche nie stillsteht. Unsere Kapazit\u00e4t, unser Umfang, unsere hohe Flexibilit\u00e4t und unser Serviceniveau machen uns einzigartig. Testen Sie uns, wenn Sie Hilfe brauchen \u2013 Sie werden nicht entt\u00e4uscht sein.<\/p>\t\t\t\t\t\t\t\t<\/div>\n\t\t\t\t<\/div>\n\t\t\t\t\t<\/div>\n\t\t<\/div>\n\t\t\t\t\t<\/div>\n\t\t<\/section>\n\t\t\t\t<div class=\"elementor-element elementor-element-98c1ce1 elementor-widget-divider--view-line elementor-widget elementor-widget-divider\" data-id=\"98c1ce1\" data-element_type=\"widget\" data-e-type=\"widget\" data-widget_type=\"divider.default\">\n\t\t\t\t<div class=\"elementor-widget-container\">\n\t\t\t\t\t\t\t<div class=\"elementor-divider\">\n\t\t\t<span class=\"elementor-divider-separator\">\n\t\t\t\t\t\t<\/span>\n\t\t<\/div>\n\t\t\t\t\t\t<\/div>\n\t\t\t\t<\/div>\n\t\t\t\t<div class=\"elementor-element elementor-element-f79dec1 elementor-invisible elementor-widget elementor-widget-heading\" data-id=\"f79dec1\" data-element_type=\"widget\" data-e-type=\"widget\" data-settings=\"{&quot;_animation&quot;:&quot;bounceInLeft&quot;}\" data-widget_type=\"heading.default\">\n\t\t\t\t<div class=\"elementor-widget-container\">\n\t\t\t\t\t<h1 class=\"elementor-heading-title elementor-size-default\">Unsere Versprechen an die Kunden<\/h1>\t\t\t\t<\/div>\n\t\t\t\t<\/div>\n\t\t\t\t<div class=\"elementor-element elementor-element-f8fcf53 elementor-widget elementor-widget-image\" data-id=\"f8fcf53\" data-element_type=\"widget\" data-e-type=\"widget\" data-widget_type=\"image.default\">\n\t\t\t\t<div class=\"elementor-widget-container\">\n\t\t\t\t\t\t\t\t\t\t\t\t\t\t\t<img decoding=\"async\" width=\"200\" height=\"35\" src=\"https:\/\/rghyr.se\/wp-content\/uploads\/2020\/11\/divider-free-img-red.png\" class=\"attachment-full size-full wp-image-4057\" alt=\"R\u00f6d avdelare\" \/>\t\t\t\t\t\t\t\t\t\t\t\t\t\t\t<\/div>\n\t\t\t\t<\/div>\n\t\t\t\t<div class=\"elementor-element elementor-element-029cd0e elementor-invisible elementor-widget elementor-widget-text-editor\" data-id=\"029cd0e\" data-element_type=\"widget\" data-e-type=\"widget\" data-settings=\"{&quot;_animation&quot;:&quot;bounceInLeft&quot;}\" data-widget_type=\"text-editor.default\">\n\t\t\t\t<div class=\"elementor-widget-container\">\n\t\t\t\t\t\t\t\t\t<p>H\u00e4ufig sind sch\u00f6ne, gut geschriebene Texte \u00fcber ein Unternehmen zu lesen. Die Realit\u00e4t jedoch sieht oft anders aus.\u00a0Unser Ziel ist eine 100%ige Kundenzufriedenheit. Durch die nachstehenden Versprechen an die Kunden verpflichten wir uns selbst, entsprechend zu handeln. Deshalb tun wir immer unser Bestes, um diese Versprechen zu erf\u00fcllen:<\/p>\n\t\t\t\t\t\t\t\t<\/div>\n\t\t\t\t<\/div>\n\t\t\t\t<section class=\"elementor-section elementor-inner-section elementor-element elementor-element-498a50a elementor-section-boxed elementor-section-height-default elementor-section-height-default\" data-id=\"498a50a\" data-element_type=\"section\" data-e-type=\"section\">\n\t\t\t\t\t\t<div class=\"elementor-container elementor-column-gap-default\">\n\t\t\t\t\t<div class=\"elementor-column elementor-col-100 elementor-inner-column elementor-element elementor-element-539fb6e\" data-id=\"539fb6e\" data-element_type=\"column\" data-e-type=\"column\">\n\t\t\t<div class=\"elementor-widget-wrap elementor-element-populated\">\n\t\t\t\t\t\t<div class=\"elementor-element elementor-element-adf16bc elementor-align-start elementor-icon-list--layout-traditional elementor-list-item-link-full_width elementor-invisible elementor-widget elementor-widget-icon-list\" data-id=\"adf16bc\" data-element_type=\"widget\" data-e-type=\"widget\" data-settings=\"{&quot;_animation&quot;:&quot;bounceInLeft&quot;}\" data-widget_type=\"icon-list.default\">\n\t\t\t\t<div class=\"elementor-widget-container\">\n\t\t\t\t\t\t\t<ul class=\"elementor-icon-list-items\">\n\t\t\t\t\t\t\t<li class=\"elementor-icon-list-item\">\n\t\t\t\t\t\t\t\t\t\t\t<span class=\"elementor-icon-list-icon\">\n\t\t\t\t\t\t\t<i aria-hidden=\"true\" class=\"fas fa-check-circle\"><\/i>\t\t\t\t\t\t<\/span>\n\t\t\t\t\t\t\t\t\t\t<span class=\"elementor-icon-list-text\">Wir m\u00f6chten f\u00fcr Sie immer die erste Wahl in der Transportbranche sein, sowohl f\u00fcr Kurzzeit- als auch f\u00fcr Langzeitvermietungen. Wir lehnen kurzfristige Mietvertr\u00e4ge nicht ab, weil es \u201esich nicht lohnen w\u00fcrde\u201c, dem Kunden f\u00fcr eine so kurze Zeit zu helfen. Eine Auftragsspitze oder eine Ausfallzeit an einem einzigen Tag sind ebenso wichtig wie eine l\u00e4ngere Mietdauer.<\/span>\n\t\t\t\t\t\t\t\t\t<\/li>\n\t\t\t\t\t\t\t\t<li class=\"elementor-icon-list-item\">\n\t\t\t\t\t\t\t\t\t\t\t<span class=\"elementor-icon-list-icon\">\n\t\t\t\t\t\t\t<i aria-hidden=\"true\" class=\"fas fa-check-circle\"><\/i>\t\t\t\t\t\t<\/span>\n\t\t\t\t\t\t\t\t\t\t<span class=\"elementor-icon-list-text\">Wir missbrauchen keinen Schadensfall. Wenn Sie als Kunde ein Fahrzeug zur\u00fcckgegeben haben, werden Sie nicht pl\u00f6tzlich Rechnungen f\u00fcr Reparaturen erhalten, \u00fcber die Sie vorher nicht informiert wurden. Wenn Sie einen Schaden erlitten und uns diesen gemeldet haben, m\u00fcssen beide Parteien daran arbeiten, ihn zu begrenzen. Wir wissen, wie gering die Gewinnspannen in der Transportbranche sind, deshalb m\u00fcssen wir immer unser Bestes tun, um den Schaden und die daraus resultierenden Kosten zu begrenzen. Kurzum: Wir werden uns niemals an einem dem Kunden entstandenen Schaden bereichern!<\/span>\n\t\t\t\t\t\t\t\t\t<\/li>\n\t\t\t\t\t\t\t\t<li class=\"elementor-icon-list-item\">\n\t\t\t\t\t\t\t\t\t\t\t<span class=\"elementor-icon-list-icon\">\n\t\t\t\t\t\t\t<i aria-hidden=\"true\" class=\"fas fa-check-circle\"><\/i>\t\t\t\t\t\t<\/span>\n\t\t\t\t\t\t\t\t\t\t<span class=\"elementor-icon-list-text\">Unsere Preisgestaltung wird zu jeder Zeit transparent sein. Wir nutzen die Situation nicht aus, indem wir mehr Geld verlangen, weil der Kunde sich in einer unangenehmen Situation befindet. Unsere Preisliste steht auf dieser Website zur Verf\u00fcgung. Und diese ist unsere Grundlage. Die Preise sollen fair sein und aus der Sicht des Fahrers festgelegt werden. Wir bem\u00fchen uns stets um eine optimale Auslastung unserer Mietfahrzeuge.<\/span>\n\t\t\t\t\t\t\t\t\t<\/li>\n\t\t\t\t\t\t\t\t<li class=\"elementor-icon-list-item\">\n\t\t\t\t\t\t\t\t\t\t\t<span class=\"elementor-icon-list-icon\">\n\t\t\t\t\t\t\t<i aria-hidden=\"true\" class=\"fas fa-check-circle\"><\/i>\t\t\t\t\t\t<\/span>\n\t\t\t\t\t\t\t\t\t\t<span class=\"elementor-icon-list-text\">Die Lieferung und\/oder Abholung eines Fahrzeugs an den Kunden erfolgt immer zu einem sehr angemessenen Preis. Unser Kerngesch\u00e4ft ist die Vermietung, wir betrachten es als Dienstleistung, dem Kunden bei der Bereitstellung oder Abholung zu helfen.<\/span>\n\t\t\t\t\t\t\t\t\t<\/li>\n\t\t\t\t\t\t<\/ul>\n\t\t\t\t\t\t<\/div>\n\t\t\t\t<\/div>\n\t\t\t\t\t<\/div>\n\t\t<\/div>\n\t\t\t\t\t<\/div>\n\t\t<\/section>\n\t\t\t\t\t<\/div>\n\t\t<\/div>\n\t\t\t\t\t<\/div>\n\t\t<\/section>\n\t\t\t\t<\/div>\n\t\t","protected":false},"excerpt":{"rendered":"<p>Unsere Geschichte. RG Hyr bietet seit 2017 einzigartige L\u00f6sungen f\u00fcr die Fahrzeugvermietung an. Wir, die Betreiber von RG Hyr, sind eine Gruppe leidenschaftlicher Menschen mit einem umfassenden Hintergrund in der Welt des Transports, in der wir selbst bis 2017 als Spediteure t\u00e4tig waren.\u00a0Wir wissen daher, was der Fahrer braucht, wie die Dinge im Vorfeld ablaufen [&hellip;]<\/p>\n","protected":false},"author":1,"featured_media":0,"parent":0,"menu_order":2,"comment_status":"closed","ping_status":"closed","template":"","meta":{"site-sidebar-layout":"no-sidebar","site-content-layout":"page-builder","ast-site-content-layout":"full-width-container","site-content-style":"unboxed","site-sidebar-style":"unboxed","ast-global-header-display":"","ast-banner-title-visibility":"","ast-main-header-display":"","ast-hfb-above-header-display":"","ast-hfb-below-header-display":"","ast-hfb-mobile-header-display":"","site-post-title":"disabled","ast-breadcrumbs-content":"","ast-featured-img":"disabled","footer-sml-layout":"","theme-transparent-header-meta":"","adv-header-id-meta":"","stick-header-meta":"","header-above-stick-meta":"","header-main-stick-meta":"","header-below-stick-meta":"","astra-migrate-meta-layouts":"default","ast-page-background-enabled":"default","ast-page-background-meta":{"desktop":{"background-color":"","background-image":"","background-repeat":"repeat","background-position":"center center","background-size":"auto","background-attachment":"scroll","background-type":"","background-media":"","overlay-type":"","overlay-color":"","overlay-opacity":"","overlay-gradient":""},"tablet":{"background-color":"","background-image":"","background-repeat":"repeat","background-position":"center center","background-size":"auto","background-attachment":"scroll","background-type":"","background-media":"","overlay-type":"","overlay-color":"","overlay-opacity":"","overlay-gradient":""},"mobile":{"background-color":"","background-image":"","background-repeat":"repeat","background-position":"center center","background-size":"auto","background-attachment":"scroll","background-type":"","background-media":"","overlay-type":"","overlay-color":"","overlay-opacity":"","overlay-gradient":""}},"ast-content-background-meta":{"desktop":{"background-color":"var(--ast-global-color-5)","background-image":"","background-repeat":"repeat","background-position":"center center","background-size":"auto","background-attachment":"scroll","background-type":"","background-media":"","overlay-type":"","overlay-color":"","overlay-opacity":"","overlay-gradient":""},"tablet":{"background-color":"var(--ast-global-color-5)","background-image":"","background-repeat":"repeat","background-position":"center center","background-size":"auto","background-attachment":"scroll","background-type":"","background-media":"","overlay-type":"","overlay-color":"","overlay-opacity":"","overlay-gradient":""},"mobile":{"background-color":"var(--ast-global-color-5)","background-image":"","background-repeat":"repeat","background-position":"center center","background-size":"auto","background-attachment":"scroll","background-type":"","background-media":"","overlay-type":"","overlay-color":"","overlay-opacity":"","overlay-gradient":""}},"footnotes":""},"class_list":["post-4540","page","type-page","status-publish","hentry"],"yoast_head":"<!-- This site is optimized with the Yoast SEO plugin v27.4 - https:\/\/yoast.com\/product\/yoast-seo-wordpress\/ -->\n<title>\u00dcber RG Hyr - RG Hyr - Sveriges bredaste utbud av hyrfordon<\/title>\n<meta name=\"robots\" content=\"index, follow, max-snippet:-1, max-image-preview:large, max-video-preview:-1\" \/>\n<link rel=\"canonical\" href=\"https:\/\/rghyr.se\/de\/ueber-rg-hyr\/\" \/>\n<meta property=\"og:locale\" content=\"de_DE\" \/>\n<meta property=\"og:type\" content=\"article\" \/>\n<meta property=\"og:title\" content=\"\u00dcber RG Hyr - RG Hyr - Sveriges bredaste utbud av hyrfordon\" \/>\n<meta property=\"og:description\" content=\"Unsere Geschichte. RG Hyr bietet seit 2017 einzigartige L\u00f6sungen f\u00fcr die Fahrzeugvermietung an. Wir, die Betreiber von RG Hyr, sind eine Gruppe leidenschaftlicher Menschen mit einem umfassenden Hintergrund in der Welt des Transports, in der wir selbst bis 2017 als Spediteure t\u00e4tig waren.\u00a0Wir wissen daher, was der Fahrer braucht, wie die Dinge im Vorfeld ablaufen [&hellip;]\" \/>\n<meta property=\"og:url\" content=\"https:\/\/rghyr.se\/de\/ueber-rg-hyr\/\" \/>\n<meta property=\"og:site_name\" content=\"RG Hyr - Sveriges bredaste utbud av hyrfordon\" \/>\n<meta property=\"article:publisher\" content=\"https:\/\/www.facebook.com\/rghyr.se\" \/>\n<meta property=\"article:modified_time\" content=\"2022-10-02T22:19:38+00:00\" \/>\n<meta property=\"og:image\" content=\"https:\/\/rghyr.se\/wp-content\/uploads\/2020\/11\/divider-free-img-red.png\" \/>\n<meta name=\"twitter:card\" content=\"summary_large_image\" \/>\n<meta name=\"twitter:label1\" content=\"Est. reading time\" \/>\n\t<meta name=\"twitter:data1\" content=\"3 minutes\" \/>\n<script type=\"application\/ld+json\" class=\"yoast-schema-graph\">{\"@context\":\"https:\\\/\\\/schema.org\",\"@graph\":[{\"@type\":\"WebPage\",\"@id\":\"https:\\\/\\\/rghyr.se\\\/de\\\/ueber-rg-hyr\\\/\",\"url\":\"https:\\\/\\\/rghyr.se\\\/de\\\/ueber-rg-hyr\\\/\",\"name\":\"\u00dcber RG Hyr - RG Hyr - Sveriges bredaste utbud av hyrfordon\",\"isPartOf\":{\"@id\":\"https:\\\/\\\/rghyr.se\\\/#website\"},\"primaryImageOfPage\":{\"@id\":\"https:\\\/\\\/rghyr.se\\\/de\\\/ueber-rg-hyr\\\/#primaryimage\"},\"image\":{\"@id\":\"https:\\\/\\\/rghyr.se\\\/de\\\/ueber-rg-hyr\\\/#primaryimage\"},\"thumbnailUrl\":\"https:\\\/\\\/rghyr.se\\\/wp-content\\\/uploads\\\/2020\\\/11\\\/divider-free-img-red.png\",\"datePublished\":\"2018-10-01T12:10:05+00:00\",\"dateModified\":\"2022-10-02T22:19:38+00:00\",\"breadcrumb\":{\"@id\":\"https:\\\/\\\/rghyr.se\\\/de\\\/ueber-rg-hyr\\\/#breadcrumb\"},\"inLanguage\":\"de-DE\",\"potentialAction\":[{\"@type\":\"ReadAction\",\"target\":[\"https:\\\/\\\/rghyr.se\\\/de\\\/ueber-rg-hyr\\\/\"]}]},{\"@type\":\"ImageObject\",\"inLanguage\":\"de-DE\",\"@id\":\"https:\\\/\\\/rghyr.se\\\/de\\\/ueber-rg-hyr\\\/#primaryimage\",\"url\":\"https:\\\/\\\/rghyr.se\\\/wp-content\\\/uploads\\\/2020\\\/11\\\/divider-free-img-red.png\",\"contentUrl\":\"https:\\\/\\\/rghyr.se\\\/wp-content\\\/uploads\\\/2020\\\/11\\\/divider-free-img-red.png\"},{\"@type\":\"BreadcrumbList\",\"@id\":\"https:\\\/\\\/rghyr.se\\\/de\\\/ueber-rg-hyr\\\/#breadcrumb\",\"itemListElement\":[{\"@type\":\"ListItem\",\"position\":1,\"name\":\"Hem\",\"item\":\"https:\\\/\\\/rghyr.se\\\/de\\\/\"},{\"@type\":\"ListItem\",\"position\":2,\"name\":\"\u00dcber RG Hyr\"}]},{\"@type\":\"WebSite\",\"@id\":\"https:\\\/\\\/rghyr.se\\\/#website\",\"url\":\"https:\\\/\\\/rghyr.se\\\/\",\"name\":\"RG Hyr\",\"description\":\"Din p\u00e5litliga partner f\u00f6r att hyra lastbil!\",\"publisher\":{\"@id\":\"https:\\\/\\\/rghyr.se\\\/#organization\"},\"potentialAction\":[{\"@type\":\"SearchAction\",\"target\":{\"@type\":\"EntryPoint\",\"urlTemplate\":\"https:\\\/\\\/rghyr.se\\\/?s={search_term_string}\"},\"query-input\":{\"@type\":\"PropertyValueSpecification\",\"valueRequired\":true,\"valueName\":\"search_term_string\"}}],\"inLanguage\":\"de-DE\"},{\"@type\":\"Organization\",\"@id\":\"https:\\\/\\\/rghyr.se\\\/#organization\",\"name\":\"RG Hyr\",\"url\":\"https:\\\/\\\/rghyr.se\\\/\",\"logo\":{\"@type\":\"ImageObject\",\"inLanguage\":\"de-DE\",\"@id\":\"https:\\\/\\\/rghyr.se\\\/#\\\/schema\\\/logo\\\/image\\\/\",\"url\":\"https:\\\/\\\/rghyr.se\\\/wp-content\\\/uploads\\\/2020\\\/12\\\/rghyrhemsidalogo.png\",\"contentUrl\":\"https:\\\/\\\/rghyr.se\\\/wp-content\\\/uploads\\\/2020\\\/12\\\/rghyrhemsidalogo.png\",\"width\":197,\"height\":60,\"caption\":\"RG Hyr\"},\"image\":{\"@id\":\"https:\\\/\\\/rghyr.se\\\/#\\\/schema\\\/logo\\\/image\\\/\"},\"sameAs\":[\"https:\\\/\\\/www.facebook.com\\\/rghyr.se\",\"https:\\\/\\\/www.instagram.com\\\/rghyr.se\\\/\",\"https:\\\/\\\/www.linkedin.com\\\/company\\\/rghyr\\\/\"]}]}<\/script>\n<!-- \/ Yoast SEO plugin. -->","yoast_head_json":{"title":"\u00dcber RG Hyr - RG Hyr - Sveriges bredaste utbud av hyrfordon","robots":{"index":"index","follow":"follow","max-snippet":"max-snippet:-1","max-image-preview":"max-image-preview:large","max-video-preview":"max-video-preview:-1"},"canonical":"https:\/\/rghyr.se\/de\/ueber-rg-hyr\/","og_locale":"de_DE","og_type":"article","og_title":"\u00dcber RG Hyr - RG Hyr - Sveriges bredaste utbud av hyrfordon","og_description":"Unsere Geschichte. RG Hyr bietet seit 2017 einzigartige L\u00f6sungen f\u00fcr die Fahrzeugvermietung an. Wir, die Betreiber von RG Hyr, sind eine Gruppe leidenschaftlicher Menschen mit einem umfassenden Hintergrund in der Welt des Transports, in der wir selbst bis 2017 als Spediteure t\u00e4tig waren.\u00a0Wir wissen daher, was der Fahrer braucht, wie die Dinge im Vorfeld ablaufen [&hellip;]","og_url":"https:\/\/rghyr.se\/de\/ueber-rg-hyr\/","og_site_name":"RG Hyr - Sveriges bredaste utbud av hyrfordon","article_publisher":"https:\/\/www.facebook.com\/rghyr.se","article_modified_time":"2022-10-02T22:19:38+00:00","og_image":[{"url":"https:\/\/rghyr.se\/wp-content\/uploads\/2020\/11\/divider-free-img-red.png","type":"","width":"","height":""}],"twitter_card":"summary_large_image","twitter_misc":{"Est. reading time":"3 minutes"},"schema":{"@context":"https:\/\/schema.org","@graph":[{"@type":"WebPage","@id":"https:\/\/rghyr.se\/de\/ueber-rg-hyr\/","url":"https:\/\/rghyr.se\/de\/ueber-rg-hyr\/","name":"\u00dcber RG Hyr - RG Hyr - Sveriges bredaste utbud av hyrfordon","isPartOf":{"@id":"https:\/\/rghyr.se\/#website"},"primaryImageOfPage":{"@id":"https:\/\/rghyr.se\/de\/ueber-rg-hyr\/#primaryimage"},"image":{"@id":"https:\/\/rghyr.se\/de\/ueber-rg-hyr\/#primaryimage"},"thumbnailUrl":"https:\/\/rghyr.se\/wp-content\/uploads\/2020\/11\/divider-free-img-red.png","datePublished":"2018-10-01T12:10:05+00:00","dateModified":"2022-10-02T22:19:38+00:00","breadcrumb":{"@id":"https:\/\/rghyr.se\/de\/ueber-rg-hyr\/#breadcrumb"},"inLanguage":"de-DE","potentialAction":[{"@type":"ReadAction","target":["https:\/\/rghyr.se\/de\/ueber-rg-hyr\/"]}]},{"@type":"ImageObject","inLanguage":"de-DE","@id":"https:\/\/rghyr.se\/de\/ueber-rg-hyr\/#primaryimage","url":"https:\/\/rghyr.se\/wp-content\/uploads\/2020\/11\/divider-free-img-red.png","contentUrl":"https:\/\/rghyr.se\/wp-content\/uploads\/2020\/11\/divider-free-img-red.png"},{"@type":"BreadcrumbList","@id":"https:\/\/rghyr.se\/de\/ueber-rg-hyr\/#breadcrumb","itemListElement":[{"@type":"ListItem","position":1,"name":"Hem","item":"https:\/\/rghyr.se\/de\/"},{"@type":"ListItem","position":2,"name":"\u00dcber RG Hyr"}]},{"@type":"WebSite","@id":"https:\/\/rghyr.se\/#website","url":"https:\/\/rghyr.se\/","name":"RG Hyr","description":"Din p\u00e5litliga partner f\u00f6r att hyra lastbil!","publisher":{"@id":"https:\/\/rghyr.se\/#organization"},"potentialAction":[{"@type":"SearchAction","target":{"@type":"EntryPoint","urlTemplate":"https:\/\/rghyr.se\/?s={search_term_string}"},"query-input":{"@type":"PropertyValueSpecification","valueRequired":true,"valueName":"search_term_string"}}],"inLanguage":"de-DE"},{"@type":"Organization","@id":"https:\/\/rghyr.se\/#organization","name":"RG Hyr","url":"https:\/\/rghyr.se\/","logo":{"@type":"ImageObject","inLanguage":"de-DE","@id":"https:\/\/rghyr.se\/#\/schema\/logo\/image\/","url":"https:\/\/rghyr.se\/wp-content\/uploads\/2020\/12\/rghyrhemsidalogo.png","contentUrl":"https:\/\/rghyr.se\/wp-content\/uploads\/2020\/12\/rghyrhemsidalogo.png","width":197,"height":60,"caption":"RG Hyr"},"image":{"@id":"https:\/\/rghyr.se\/#\/schema\/logo\/image\/"},"sameAs":["https:\/\/www.facebook.com\/rghyr.se","https:\/\/www.instagram.com\/rghyr.se\/","https:\/\/www.linkedin.com\/company\/rghyr\/"]}]}},"_links":{"self":[{"href":"https:\/\/rghyr.se\/de\/wp-json\/wp\/v2\/pages\/4540","targetHints":{"allow":["GET"]}}],"collection":[{"href":"https:\/\/rghyr.se\/de\/wp-json\/wp\/v2\/pages"}],"about":[{"href":"https:\/\/rghyr.se\/de\/wp-json\/wp\/v2\/types\/page"}],"author":[{"embeddable":true,"href":"https:\/\/rghyr.se\/de\/wp-json\/wp\/v2\/users\/1"}],"replies":[{"embeddable":true,"href":"https:\/\/rghyr.se\/de\/wp-json\/wp\/v2\/comments?post=4540"}],"version-history":[{"count":1,"href":"https:\/\/rghyr.se\/de\/wp-json\/wp\/v2\/pages\/4540\/revisions"}],"predecessor-version":[{"id":4541,"href":"https:\/\/rghyr.se\/de\/wp-json\/wp\/v2\/pages\/4540\/revisions\/4541"}],"wp:attachment":[{"href":"https:\/\/rghyr.se\/de\/wp-json\/wp\/v2\/media?parent=4540"}],"curies":[{"name":"wp","href":"https:\/\/api.w.org\/{rel}","templated":true}]}}