{"id":4504,"date":"2021-01-18T00:29:33","date_gmt":"2021-01-17T23:29:33","guid":{"rendered":"https:\/\/rghyr.se\/pomoc-drogowa-i-uszkodzenia\/"},"modified":"2022-10-02T22:15:41","modified_gmt":"2022-10-02T22:15:41","slug":"pomoc-drogowa-i-uszkodzenia","status":"publish","type":"page","link":"https:\/\/rghyr.se\/pl\/pomoc-drogowa-i-uszkodzenia\/","title":{"rendered":"Pomoc drogowa i uszkodzenia"},"content":{"rendered":"\t\t<div data-elementor-type=\"wp-post\" data-elementor-id=\"4504\" class=\"elementor elementor-4504 elementor-1827\" data-elementor-post-type=\"page\">\n\t\t\t\t\t\t<section class=\"elementor-section elementor-top-section elementor-element elementor-element-49a32edb elementor-section-height-min-height elementor-section-content-middle elementor-section-full_width elementor-section-height-default elementor-section-items-middle\" data-id=\"49a32edb\" data-element_type=\"section\" data-e-type=\"section\" data-settings=\"{&quot;background_background&quot;:&quot;classic&quot;}\">\n\t\t\t\t\t\t\t<div class=\"elementor-background-overlay\"><\/div>\n\t\t\t\t\t\t\t<div class=\"elementor-container elementor-column-gap-extended\">\n\t\t\t\t\t<div class=\"elementor-column elementor-col-100 elementor-top-column elementor-element elementor-element-d501047\" data-id=\"d501047\" data-element_type=\"column\" data-e-type=\"column\">\n\t\t\t<div class=\"elementor-widget-wrap\">\n\t\t\t\t\t\t\t<\/div>\n\t\t<\/div>\n\t\t\t\t\t<\/div>\n\t\t<\/section>\n\t\t\t\t<section class=\"elementor-section elementor-top-section elementor-element elementor-element-c348b8f elementor-section-boxed elementor-section-height-default elementor-section-height-default\" data-id=\"c348b8f\" data-element_type=\"section\" data-e-type=\"section\" data-settings=\"{&quot;background_background&quot;:&quot;classic&quot;}\">\n\t\t\t\t\t\t<div class=\"elementor-container elementor-column-gap-no\">\n\t\t\t\t\t<div class=\"elementor-column elementor-col-100 elementor-top-column elementor-element elementor-element-31d1c1c\" data-id=\"31d1c1c\" data-element_type=\"column\" data-e-type=\"column\">\n\t\t\t<div class=\"elementor-widget-wrap elementor-element-populated\">\n\t\t\t\t\t\t<div class=\"elementor-element elementor-element-1c46ee7 elementor-widget elementor-widget-heading\" data-id=\"1c46ee7\" data-element_type=\"widget\" data-e-type=\"widget\" data-widget_type=\"heading.default\">\n\t\t\t\t<div class=\"elementor-widget-container\">\n\t\t\t\t\t<h2 class=\"elementor-heading-title elementor-size-default\">Pomoc drogowa i uszkodzenia<\/h2>\t\t\t\t<\/div>\n\t\t\t\t<\/div>\n\t\t\t\t\t<\/div>\n\t\t<\/div>\n\t\t\t\t\t<\/div>\n\t\t<\/section>\n\t\t\t\t<section class=\"elementor-section elementor-top-section elementor-element elementor-element-aae1653 elementor-section-boxed elementor-section-height-default elementor-section-height-default\" data-id=\"aae1653\" data-element_type=\"section\" data-e-type=\"section\" data-settings=\"{&quot;background_background&quot;:&quot;classic&quot;}\">\n\t\t\t\t\t\t<div class=\"elementor-container elementor-column-gap-no\">\n\t\t\t\t\t<div class=\"elementor-column elementor-col-50 elementor-top-column elementor-element elementor-element-5f73514a\" data-id=\"5f73514a\" data-element_type=\"column\" data-e-type=\"column\">\n\t\t\t<div class=\"elementor-widget-wrap elementor-element-populated\">\n\t\t\t\t\t\t<div class=\"elementor-element elementor-element-0a9e1bd elementor-widget elementor-widget-text-editor\" data-id=\"0a9e1bd\" data-element_type=\"widget\" data-e-type=\"widget\" data-widget_type=\"text-editor.default\">\n\t\t\t\t<div class=\"elementor-widget-container\">\n\t\t\t\t\t\t\t\t\t<p>Je\u015bli dojdzie do wypadku, chcemy, aby\u015b wiedzia\u0142 \u017ce jeste\u015bmy po to, aby Ci pom\u00f3c w najlepszy mo\u017cliwy spos\u00f3b. Mamy umowy z wieloma operatorami i zawsze staramy si\u0119 znale\u017a\u0107 najlepsze i najbardziej op\u0142acalne rozwi\u0105zanie. W razie problem\u00f3w na drodze kontaktujemy si\u0119 z Falck Road V\u00e4gassistans, mamy te\u017c og\u00f3lnokrajow\u0105 umow\u0119 z Euromaster, je\u015bli np. dojdzie do przebicia opony. Najwa\u017cniejsze jest, to aby\u015b natychmiast skontaktowa\u0142 si\u0119 z nami, udzielimy Ci odpowiednich wskaz\u00f3wek.<\/p>\n<p>\u0141\u0105cze do zg\u0142oszenia uszkodzenia:\u00a0<a style=\"letter-spacing: var( --e-global-typography-f2b6c5d-letter-spacing ); background-color: #ffffff;\" href=\"https:\/\/rghyr.se\/wp-content\/uploads\/skadeanmalan.pdf\" target=\"_blank\" rel=\"noopener\">Zg\u0142oszenie uszkodzenia (PDF)<\/a><\/p>\n<p>Dok\u0142adnie wype\u0142ni zg\u0142oszenie uszkodzenia i prze\u015blij je do nas na adres info@rghyr.se.<\/p>\t\t\t\t\t\t\t\t<\/div>\n\t\t\t\t<\/div>\n\t\t\t\t<div class=\"elementor-element elementor-element-4bd8a96 elementor-widget elementor-widget-heading\" data-id=\"4bd8a96\" data-element_type=\"widget\" data-e-type=\"widget\" data-widget_type=\"heading.default\">\n\t\t\t\t<div class=\"elementor-widget-container\">\n\t\t\t\t\t<h4 class=\"elementor-heading-title elementor-size-default\">Nasi partnerzy<\/h4>\t\t\t\t<\/div>\n\t\t\t\t<\/div>\n\t\t\t\t<section class=\"elementor-section elementor-inner-section elementor-element elementor-element-7d472df elementor-section-boxed elementor-section-height-default elementor-section-height-default\" data-id=\"7d472df\" data-element_type=\"section\" data-e-type=\"section\">\n\t\t\t\t\t\t<div class=\"elementor-container elementor-column-gap-default\">\n\t\t\t\t\t<div class=\"elementor-column elementor-col-33 elementor-inner-column elementor-element elementor-element-6ef8b90\" data-id=\"6ef8b90\" data-element_type=\"column\" data-e-type=\"column\">\n\t\t\t<div class=\"elementor-widget-wrap elementor-element-populated\">\n\t\t\t\t\t\t<div class=\"elementor-element elementor-element-1872d7f elementor-widget__width-initial elementor-widget-mobile__width-inherit elementor-widget elementor-widget-image\" data-id=\"1872d7f\" data-element_type=\"widget\" data-e-type=\"widget\" data-widget_type=\"image.default\">\n\t\t\t\t<div class=\"elementor-widget-container\">\n\t\t\t\t\t\t\t\t\t\t\t\t\t\t\t<img decoding=\"async\" src=\"https:\/\/rghyr.se\/wp-content\/uploads\/elementor\/thumbs\/euromaster_color-p1isc4eu4tc0vr6v8ces1fd2qk09sswveoondbfw8w.png\" title=\"euromaster_color\" alt=\"Euromaster logotype\" loading=\"lazy\" \/>\t\t\t\t\t\t\t\t\t\t\t\t\t\t\t<\/div>\n\t\t\t\t<\/div>\n\t\t\t\t\t<\/div>\n\t\t<\/div>\n\t\t\t\t<div class=\"elementor-column elementor-col-33 elementor-inner-column elementor-element elementor-element-03a9c82\" data-id=\"03a9c82\" data-element_type=\"column\" data-e-type=\"column\">\n\t\t\t<div class=\"elementor-widget-wrap elementor-element-populated\">\n\t\t\t\t\t\t<div class=\"elementor-element elementor-element-27c6ae9 elementor-widget__width-initial elementor-widget-mobile__width-inherit elementor-widget elementor-widget-image\" data-id=\"27c6ae9\" data-element_type=\"widget\" data-e-type=\"widget\" data-widget_type=\"image.default\">\n\t\t\t\t<div class=\"elementor-widget-container\">\n\t\t\t\t\t\t\t\t\t\t\t\t\t\t\t<img decoding=\"async\" src=\"https:\/\/rghyr.se\/wp-content\/uploads\/elementor\/thumbs\/falck_color-p1isc5cobndb7d5i2utelx4jbxvn0i0lqtc4ulei2o.png\" title=\"falck_color\" alt=\"Falck logotype svart r\u00f6d\" loading=\"lazy\" \/>\t\t\t\t\t\t\t\t\t\t\t\t\t\t\t<\/div>\n\t\t\t\t<\/div>\n\t\t\t\t\t<\/div>\n\t\t<\/div>\n\t\t\t\t<div class=\"elementor-column elementor-col-33 elementor-inner-column elementor-element elementor-element-c9b41ae\" data-id=\"c9b41ae\" data-element_type=\"column\" data-e-type=\"column\">\n\t\t\t<div class=\"elementor-widget-wrap elementor-element-populated\">\n\t\t\t\t\t\t<div class=\"elementor-element elementor-element-1458dbc elementor-widget__width-initial elementor-widget-mobile__width-inherit elementor-widget elementor-widget-image\" data-id=\"1458dbc\" data-element_type=\"widget\" data-e-type=\"widget\" data-widget_type=\"image.default\">\n\t\t\t\t<div class=\"elementor-widget-container\">\n\t\t\t\t\t\t\t\t\t\t\t\t\t\t\t<img decoding=\"async\" src=\"https:\/\/rghyr.se\/wp-content\/uploads\/elementor\/thumbs\/bestdrivelogo-p1nbh6lubz40s28poi9wuvouc6fr6bk37mzikde8lc.png\" title=\"bestdrivelogo\" alt=\"BestDrive logotype\" loading=\"lazy\" \/>\t\t\t\t\t\t\t\t\t\t\t\t\t\t\t<\/div>\n\t\t\t\t<\/div>\n\t\t\t\t\t<\/div>\n\t\t<\/div>\n\t\t\t\t\t<\/div>\n\t\t<\/section>\n\t\t\t\t<section class=\"elementor-section elementor-inner-section elementor-element elementor-element-7013c37 elementor-section-boxed elementor-section-height-default elementor-section-height-default\" data-id=\"7013c37\" data-element_type=\"section\" data-e-type=\"section\">\n\t\t\t\t\t\t<div class=\"elementor-container elementor-column-gap-default\">\n\t\t\t\t\t<div class=\"elementor-column elementor-col-100 elementor-inner-column elementor-element elementor-element-722ae19\" data-id=\"722ae19\" data-element_type=\"column\" data-e-type=\"column\">\n\t\t\t<div class=\"elementor-widget-wrap elementor-element-populated\">\n\t\t\t\t\t\t<div class=\"elementor-element elementor-element-dfe3c00 elementor-widget elementor-widget-text-editor\" data-id=\"dfe3c00\" data-element_type=\"widget\" data-e-type=\"widget\" data-widget_type=\"text-editor.default\">\n\t\t\t\t<div class=\"elementor-widget-container\">\n\t\t\t\t\t\t\t\t\t<p>Pami\u0119taj, aby najpierw skontaktowa\u0107 si\u0119 z nami, a my nast\u0119pnie skontaktujemy si\u0119 z us\u0142ugodawc\u0105. Wynika to z faktu, \u017ce mog\u0105 obowi\u0105zuj\u0105 lokalne wyj\u0105tki w zale\u017cno\u015bci od tego, gdzie dosz\u0142o do zdarzenia.<\/p>\n\t\t\t\t\t\t\t\t<\/div>\n\t\t\t\t<\/div>\n\t\t\t\t\t<\/div>\n\t\t<\/div>\n\t\t\t\t\t<\/div>\n\t\t<\/section>\n\t\t\t\t\t<\/div>\n\t\t<\/div>\n\t\t\t\t<div class=\"elementor-column elementor-col-50 elementor-top-column elementor-element elementor-element-5dae224\" data-id=\"5dae224\" data-element_type=\"column\" data-e-type=\"column\">\n\t\t\t<div class=\"elementor-widget-wrap elementor-element-populated\">\n\t\t\t\t\t\t<div class=\"elementor-element elementor-element-efb93b4 elementor-widget elementor-widget-heading\" data-id=\"efb93b4\" data-element_type=\"widget\" data-e-type=\"widget\" data-widget_type=\"heading.default\">\n\t\t\t\t<div class=\"elementor-widget-container\">\n\t\t\t\t\t<h4 class=\"elementor-heading-title elementor-size-default\">W razie wypadku<\/h4>\t\t\t\t<\/div>\n\t\t\t\t<\/div>\n\t\t\t\t<div class=\"elementor-element elementor-element-4a1a3bc elementor-widget elementor-widget-text-editor\" data-id=\"4a1a3bc\" data-element_type=\"widget\" data-e-type=\"widget\" data-widget_type=\"text-editor.default\">\n\t\t\t\t<div class=\"elementor-widget-container\">\n\t\t\t\t\t\t\t\t\t<ol style=\"font-size: 14px; font-style: normal;\">\n<li style=\"margin-bottom: 0.1875rem;\">Je\u015bli s\u0105 poszkodowani, udziel im pomocy i zadzwo\u0144 pod numer alarmowy\u00a0<span style=\"font-weight: bolder;\">112<\/span>.<\/li>\n<li style=\"font-weight: 400; margin-bottom: 0.1875rem;\">Upewnij si\u0119, \u017ce ty i wszyscy uczestnicy wypadku s\u0105 bezpieczni.<\/li>\n<li style=\"margin-bottom: 0.1875rem;\">Skontaktuj si\u0119 z nami pod numerem <b>020-123456<\/b> i opisz, co si\u0119 sta\u0142o, wsp\u00f3lnie podejmiemy decyzje, jak nale\u017cy dalej post\u0119powa\u0107 oraz czy nale\u017cy skontaktowa\u0107 si\u0119 z firm\u0105 holownicz\u0105, a je\u015bli tak, to z kt\u00f3r\u0105.<\/li>\n<li style=\"font-weight: 400; margin-bottom: 0.1875rem;\">Zapisz numery rejestracyjne innych pojazd\u00f3w uczestnicz\u0105cych w wypadku.<\/li>\n<li style=\"font-weight: 400; margin-bottom: 0.1875rem;\">Je\u015bli s\u0105 \u015bwiadkowie, zapisz ich dane kontaktowe.<\/li>\n<li style=\"font-weight: 400; margin-bottom: 0.1875rem;\">Zr\u00f3b zdj\u0119cia miejsca wypadku oraz uszkodzonych pojazd\u00f3w i\/lub uszkodzonego mienia.<\/li>\n<li style=\"font-weight: 400; margin-bottom: 0.1875rem;\">Wype\u0142nij\u00a0<a href=\"https:\/\/rghyr.se\/wp-content\/uploads\/skadeanmalan.pdf\" target=\"_blank\" rel=\"noopener\">zg\u0142oszenie uszkodzenia<\/a>\u00a0i prze\u015blij je wraz ze zdj\u0119ciami na adres info@rghyr.se.<\/li>\n<\/ol>\n\t\t\t\t\t\t\t\t<\/div>\n\t\t\t\t<\/div>\n\t\t\t\t\t<\/div>\n\t\t<\/div>\n\t\t\t\t\t<\/div>\n\t\t<\/section>\n\t\t\t\t<\/div>\n\t\t","protected":false},"excerpt":{"rendered":"<p>Pomoc drogowa i uszkodzenia Je\u015bli dojdzie do wypadku, chcemy, aby\u015b wiedzia\u0142 \u017ce jeste\u015bmy po to, aby Ci pom\u00f3c w najlepszy mo\u017cliwy spos\u00f3b. Mamy umowy z wieloma operatorami i zawsze staramy si\u0119 znale\u017a\u0107 najlepsze i najbardziej op\u0142acalne rozwi\u0105zanie. W razie problem\u00f3w na drodze kontaktujemy si\u0119 z Falck Road V\u00e4gassistans, mamy te\u017c og\u00f3lnokrajow\u0105 umow\u0119 z Euromaster, je\u015bli [&hellip;]<\/p>\n","protected":false},"author":1,"featured_media":0,"parent":0,"menu_order":3,"comment_status":"closed","ping_status":"closed","template":"","meta":{"site-sidebar-layout":"no-sidebar","site-content-layout":"page-builder","ast-site-content-layout":"full-width-container","site-content-style":"unboxed","site-sidebar-style":"unboxed","ast-global-header-display":"","ast-banner-title-visibility":"","ast-main-header-display":"","ast-hfb-above-header-display":"","ast-hfb-below-header-display":"","ast-hfb-mobile-header-display":"","site-post-title":"disabled","ast-breadcrumbs-content":"","ast-featured-img":"disabled","footer-sml-layout":"","theme-transparent-header-meta":"","adv-header-id-meta":"","stick-header-meta":"","header-above-stick-meta":"","header-main-stick-meta":"","header-below-stick-meta":"","astra-migrate-meta-layouts":"default","ast-page-background-enabled":"default","ast-page-background-meta":{"desktop":{"background-color":"","background-image":"","background-repeat":"repeat","background-position":"center center","background-size":"auto","background-attachment":"scroll","background-type":"","background-media":"","overlay-type":"","overlay-color":"","overlay-opacity":"","overlay-gradient":""},"tablet":{"background-color":"","background-image":"","background-repeat":"repeat","background-position":"center center","background-size":"auto","background-attachment":"scroll","background-type":"","background-media":"","overlay-type":"","overlay-color":"","overlay-opacity":"","overlay-gradient":""},"mobile":{"background-color":"","background-image":"","background-repeat":"repeat","background-position":"center center","background-size":"auto","background-attachment":"scroll","background-type":"","background-media":"","overlay-type":"","overlay-color":"","overlay-opacity":"","overlay-gradient":""}},"ast-content-background-meta":{"desktop":{"background-color":"var(--ast-global-color-5)","background-image":"","background-repeat":"repeat","background-position":"center center","background-size":"auto","background-attachment":"scroll","background-type":"","background-media":"","overlay-type":"","overlay-color":"","overlay-opacity":"","overlay-gradient":""},"tablet":{"background-color":"var(--ast-global-color-5)","background-image":"","background-repeat":"repeat","background-position":"center center","background-size":"auto","background-attachment":"scroll","background-type":"","background-media":"","overlay-type":"","overlay-color":"","overlay-opacity":"","overlay-gradient":""},"mobile":{"background-color":"var(--ast-global-color-5)","background-image":"","background-repeat":"repeat","background-position":"center center","background-size":"auto","background-attachment":"scroll","background-type":"","background-media":"","overlay-type":"","overlay-color":"","overlay-opacity":"","overlay-gradient":""}},"footnotes":""},"class_list":["post-4504","page","type-page","status-publish","hentry"],"yoast_head":"<!-- This site is optimized with the Yoast SEO plugin v27.4 - https:\/\/yoast.com\/product\/yoast-seo-wordpress\/ -->\n<title>Pomoc drogowa i uszkodzenia - RG Hyr - Sveriges bredaste utbud av hyrfordon<\/title>\n<meta name=\"robots\" content=\"index, follow, max-snippet:-1, max-image-preview:large, max-video-preview:-1\" \/>\n<link rel=\"canonical\" href=\"https:\/\/rghyr.se\/pl\/pomoc-drogowa-i-uszkodzenia\/\" \/>\n<meta property=\"og:locale\" content=\"pl_PL\" \/>\n<meta property=\"og:type\" content=\"article\" \/>\n<meta property=\"og:title\" content=\"Pomoc drogowa i uszkodzenia - RG Hyr - Sveriges bredaste utbud av hyrfordon\" \/>\n<meta property=\"og:description\" content=\"Pomoc drogowa i uszkodzenia Je\u015bli dojdzie do wypadku, chcemy, aby\u015b wiedzia\u0142 \u017ce jeste\u015bmy po to, aby Ci pom\u00f3c w najlepszy mo\u017cliwy spos\u00f3b. Mamy umowy z wieloma operatorami i zawsze staramy si\u0119 znale\u017a\u0107 najlepsze i najbardziej op\u0142acalne rozwi\u0105zanie. W razie problem\u00f3w na drodze kontaktujemy si\u0119 z Falck Road V\u00e4gassistans, mamy te\u017c og\u00f3lnokrajow\u0105 umow\u0119 z Euromaster, je\u015bli [&hellip;]\" \/>\n<meta property=\"og:url\" content=\"https:\/\/rghyr.se\/pl\/pomoc-drogowa-i-uszkodzenia\/\" \/>\n<meta property=\"og:site_name\" content=\"RG Hyr - Sveriges bredaste utbud av hyrfordon\" \/>\n<meta property=\"article:publisher\" content=\"https:\/\/www.facebook.com\/rghyr.se\" \/>\n<meta property=\"article:modified_time\" content=\"2022-10-02T22:15:41+00:00\" \/>\n<meta property=\"og:image\" content=\"https:\/\/rghyr.se\/wp-content\/uploads\/elementor\/thumbs\/euromaster_color-p1isc4eu4tc0vr6v8ces1fd2qk09sswveoondbfw8w.png\" \/>\n<meta name=\"twitter:card\" content=\"summary_large_image\" \/>\n<meta name=\"twitter:label1\" content=\"Est. reading time\" \/>\n\t<meta name=\"twitter:data1\" content=\"1 minute\" \/>\n<script type=\"application\/ld+json\" class=\"yoast-schema-graph\">{\"@context\":\"https:\\\/\\\/schema.org\",\"@graph\":[{\"@type\":\"WebPage\",\"@id\":\"https:\\\/\\\/rghyr.se\\\/pl\\\/pomoc-drogowa-i-uszkodzenia\\\/\",\"url\":\"https:\\\/\\\/rghyr.se\\\/pl\\\/pomoc-drogowa-i-uszkodzenia\\\/\",\"name\":\"Pomoc drogowa i uszkodzenia - RG Hyr - Sveriges bredaste utbud av hyrfordon\",\"isPartOf\":{\"@id\":\"https:\\\/\\\/rghyr.se\\\/#website\"},\"primaryImageOfPage\":{\"@id\":\"https:\\\/\\\/rghyr.se\\\/pl\\\/pomoc-drogowa-i-uszkodzenia\\\/#primaryimage\"},\"image\":{\"@id\":\"https:\\\/\\\/rghyr.se\\\/pl\\\/pomoc-drogowa-i-uszkodzenia\\\/#primaryimage\"},\"thumbnailUrl\":\"https:\\\/\\\/rghyr.se\\\/wp-content\\\/uploads\\\/elementor\\\/thumbs\\\/euromaster_color-p1isc4eu4tc0vr6v8ces1fd2qk09sswveoondbfw8w.png\",\"datePublished\":\"2021-01-17T23:29:33+00:00\",\"dateModified\":\"2022-10-02T22:15:41+00:00\",\"breadcrumb\":{\"@id\":\"https:\\\/\\\/rghyr.se\\\/pl\\\/pomoc-drogowa-i-uszkodzenia\\\/#breadcrumb\"},\"inLanguage\":\"pl-PL\",\"potentialAction\":[{\"@type\":\"ReadAction\",\"target\":[\"https:\\\/\\\/rghyr.se\\\/pl\\\/pomoc-drogowa-i-uszkodzenia\\\/\"]}]},{\"@type\":\"ImageObject\",\"inLanguage\":\"pl-PL\",\"@id\":\"https:\\\/\\\/rghyr.se\\\/pl\\\/pomoc-drogowa-i-uszkodzenia\\\/#primaryimage\",\"url\":\"https:\\\/\\\/rghyr.se\\\/wp-content\\\/uploads\\\/elementor\\\/thumbs\\\/euromaster_color-p1isc4eu4tc0vr6v8ces1fd2qk09sswveoondbfw8w.png\",\"contentUrl\":\"https:\\\/\\\/rghyr.se\\\/wp-content\\\/uploads\\\/elementor\\\/thumbs\\\/euromaster_color-p1isc4eu4tc0vr6v8ces1fd2qk09sswveoondbfw8w.png\"},{\"@type\":\"BreadcrumbList\",\"@id\":\"https:\\\/\\\/rghyr.se\\\/pl\\\/pomoc-drogowa-i-uszkodzenia\\\/#breadcrumb\",\"itemListElement\":[{\"@type\":\"ListItem\",\"position\":1,\"name\":\"Hem\",\"item\":\"https:\\\/\\\/rghyr.se\\\/pl\\\/\"},{\"@type\":\"ListItem\",\"position\":2,\"name\":\"Pomoc drogowa i uszkodzenia\"}]},{\"@type\":\"WebSite\",\"@id\":\"https:\\\/\\\/rghyr.se\\\/#website\",\"url\":\"https:\\\/\\\/rghyr.se\\\/\",\"name\":\"RG Hyr\",\"description\":\"Din p\u00e5litliga partner f\u00f6r att hyra lastbil!\",\"publisher\":{\"@id\":\"https:\\\/\\\/rghyr.se\\\/#organization\"},\"potentialAction\":[{\"@type\":\"SearchAction\",\"target\":{\"@type\":\"EntryPoint\",\"urlTemplate\":\"https:\\\/\\\/rghyr.se\\\/?s={search_term_string}\"},\"query-input\":{\"@type\":\"PropertyValueSpecification\",\"valueRequired\":true,\"valueName\":\"search_term_string\"}}],\"inLanguage\":\"pl-PL\"},{\"@type\":\"Organization\",\"@id\":\"https:\\\/\\\/rghyr.se\\\/#organization\",\"name\":\"RG Hyr\",\"url\":\"https:\\\/\\\/rghyr.se\\\/\",\"logo\":{\"@type\":\"ImageObject\",\"inLanguage\":\"pl-PL\",\"@id\":\"https:\\\/\\\/rghyr.se\\\/#\\\/schema\\\/logo\\\/image\\\/\",\"url\":\"https:\\\/\\\/rghyr.se\\\/wp-content\\\/uploads\\\/2020\\\/12\\\/rghyrhemsidalogo.png\",\"contentUrl\":\"https:\\\/\\\/rghyr.se\\\/wp-content\\\/uploads\\\/2020\\\/12\\\/rghyrhemsidalogo.png\",\"width\":197,\"height\":60,\"caption\":\"RG Hyr\"},\"image\":{\"@id\":\"https:\\\/\\\/rghyr.se\\\/#\\\/schema\\\/logo\\\/image\\\/\"},\"sameAs\":[\"https:\\\/\\\/www.facebook.com\\\/rghyr.se\",\"https:\\\/\\\/www.instagram.com\\\/rghyr.se\\\/\",\"https:\\\/\\\/www.linkedin.com\\\/company\\\/rghyr\\\/\"]}]}<\/script>\n<!-- \/ Yoast SEO plugin. -->","yoast_head_json":{"title":"Pomoc drogowa i uszkodzenia - RG Hyr - Sveriges bredaste utbud av hyrfordon","robots":{"index":"index","follow":"follow","max-snippet":"max-snippet:-1","max-image-preview":"max-image-preview:large","max-video-preview":"max-video-preview:-1"},"canonical":"https:\/\/rghyr.se\/pl\/pomoc-drogowa-i-uszkodzenia\/","og_locale":"pl_PL","og_type":"article","og_title":"Pomoc drogowa i uszkodzenia - RG Hyr - Sveriges bredaste utbud av hyrfordon","og_description":"Pomoc drogowa i uszkodzenia Je\u015bli dojdzie do wypadku, chcemy, aby\u015b wiedzia\u0142 \u017ce jeste\u015bmy po to, aby Ci pom\u00f3c w najlepszy mo\u017cliwy spos\u00f3b. Mamy umowy z wieloma operatorami i zawsze staramy si\u0119 znale\u017a\u0107 najlepsze i najbardziej op\u0142acalne rozwi\u0105zanie. W razie problem\u00f3w na drodze kontaktujemy si\u0119 z Falck Road V\u00e4gassistans, mamy te\u017c og\u00f3lnokrajow\u0105 umow\u0119 z Euromaster, je\u015bli [&hellip;]","og_url":"https:\/\/rghyr.se\/pl\/pomoc-drogowa-i-uszkodzenia\/","og_site_name":"RG Hyr - Sveriges bredaste utbud av hyrfordon","article_publisher":"https:\/\/www.facebook.com\/rghyr.se","article_modified_time":"2022-10-02T22:15:41+00:00","og_image":[{"url":"https:\/\/rghyr.se\/wp-content\/uploads\/elementor\/thumbs\/euromaster_color-p1isc4eu4tc0vr6v8ces1fd2qk09sswveoondbfw8w.png","type":"","width":"","height":""}],"twitter_card":"summary_large_image","twitter_misc":{"Est. reading time":"1 minute"},"schema":{"@context":"https:\/\/schema.org","@graph":[{"@type":"WebPage","@id":"https:\/\/rghyr.se\/pl\/pomoc-drogowa-i-uszkodzenia\/","url":"https:\/\/rghyr.se\/pl\/pomoc-drogowa-i-uszkodzenia\/","name":"Pomoc drogowa i uszkodzenia - RG Hyr - Sveriges bredaste utbud av hyrfordon","isPartOf":{"@id":"https:\/\/rghyr.se\/#website"},"primaryImageOfPage":{"@id":"https:\/\/rghyr.se\/pl\/pomoc-drogowa-i-uszkodzenia\/#primaryimage"},"image":{"@id":"https:\/\/rghyr.se\/pl\/pomoc-drogowa-i-uszkodzenia\/#primaryimage"},"thumbnailUrl":"https:\/\/rghyr.se\/wp-content\/uploads\/elementor\/thumbs\/euromaster_color-p1isc4eu4tc0vr6v8ces1fd2qk09sswveoondbfw8w.png","datePublished":"2021-01-17T23:29:33+00:00","dateModified":"2022-10-02T22:15:41+00:00","breadcrumb":{"@id":"https:\/\/rghyr.se\/pl\/pomoc-drogowa-i-uszkodzenia\/#breadcrumb"},"inLanguage":"pl-PL","potentialAction":[{"@type":"ReadAction","target":["https:\/\/rghyr.se\/pl\/pomoc-drogowa-i-uszkodzenia\/"]}]},{"@type":"ImageObject","inLanguage":"pl-PL","@id":"https:\/\/rghyr.se\/pl\/pomoc-drogowa-i-uszkodzenia\/#primaryimage","url":"https:\/\/rghyr.se\/wp-content\/uploads\/elementor\/thumbs\/euromaster_color-p1isc4eu4tc0vr6v8ces1fd2qk09sswveoondbfw8w.png","contentUrl":"https:\/\/rghyr.se\/wp-content\/uploads\/elementor\/thumbs\/euromaster_color-p1isc4eu4tc0vr6v8ces1fd2qk09sswveoondbfw8w.png"},{"@type":"BreadcrumbList","@id":"https:\/\/rghyr.se\/pl\/pomoc-drogowa-i-uszkodzenia\/#breadcrumb","itemListElement":[{"@type":"ListItem","position":1,"name":"Hem","item":"https:\/\/rghyr.se\/pl\/"},{"@type":"ListItem","position":2,"name":"Pomoc drogowa i uszkodzenia"}]},{"@type":"WebSite","@id":"https:\/\/rghyr.se\/#website","url":"https:\/\/rghyr.se\/","name":"RG Hyr","description":"Din p\u00e5litliga partner f\u00f6r att hyra lastbil!","publisher":{"@id":"https:\/\/rghyr.se\/#organization"},"potentialAction":[{"@type":"SearchAction","target":{"@type":"EntryPoint","urlTemplate":"https:\/\/rghyr.se\/?s={search_term_string}"},"query-input":{"@type":"PropertyValueSpecification","valueRequired":true,"valueName":"search_term_string"}}],"inLanguage":"pl-PL"},{"@type":"Organization","@id":"https:\/\/rghyr.se\/#organization","name":"RG Hyr","url":"https:\/\/rghyr.se\/","logo":{"@type":"ImageObject","inLanguage":"pl-PL","@id":"https:\/\/rghyr.se\/#\/schema\/logo\/image\/","url":"https:\/\/rghyr.se\/wp-content\/uploads\/2020\/12\/rghyrhemsidalogo.png","contentUrl":"https:\/\/rghyr.se\/wp-content\/uploads\/2020\/12\/rghyrhemsidalogo.png","width":197,"height":60,"caption":"RG Hyr"},"image":{"@id":"https:\/\/rghyr.se\/#\/schema\/logo\/image\/"},"sameAs":["https:\/\/www.facebook.com\/rghyr.se","https:\/\/www.instagram.com\/rghyr.se\/","https:\/\/www.linkedin.com\/company\/rghyr\/"]}]}},"_links":{"self":[{"href":"https:\/\/rghyr.se\/pl\/wp-json\/wp\/v2\/pages\/4504","targetHints":{"allow":["GET"]}}],"collection":[{"href":"https:\/\/rghyr.se\/pl\/wp-json\/wp\/v2\/pages"}],"about":[{"href":"https:\/\/rghyr.se\/pl\/wp-json\/wp\/v2\/types\/page"}],"author":[{"embeddable":true,"href":"https:\/\/rghyr.se\/pl\/wp-json\/wp\/v2\/users\/1"}],"replies":[{"embeddable":true,"href":"https:\/\/rghyr.se\/pl\/wp-json\/wp\/v2\/comments?post=4504"}],"version-history":[{"count":1,"href":"https:\/\/rghyr.se\/pl\/wp-json\/wp\/v2\/pages\/4504\/revisions"}],"predecessor-version":[{"id":4505,"href":"https:\/\/rghyr.se\/pl\/wp-json\/wp\/v2\/pages\/4504\/revisions\/4505"}],"wp:attachment":[{"href":"https:\/\/rghyr.se\/pl\/wp-json\/wp\/v2\/media?parent=4504"}],"curies":[{"name":"wp","href":"https:\/\/api.w.org\/{rel}","templated":true}]}}